{"id":862,"date":"2012-11-09T09:16:59","date_gmt":"2012-11-09T07:16:59","guid":{"rendered":"http:\/\/baltispoon.ee\/?page_id=862"},"modified":"2024-02-14T16:56:55","modified_gmt":"2024-02-14T14:56:55","slug":"busplanrus","status":"publish","type":"page","link":"https:\/\/www.baltispoon.ee\/ru\/rabochiemesta\/busplanrus\/","title":{"rendered":"\u0420\u0430\u0441\u043f\u0438\u0441\u0430\u043d\u0438\u0435 \u0430\u0432\u0442\u043e\u0431\u0443\u0441\u043e\u0432"},"content":{"rendered":"<table class=\"table-1\" border=\"0\">\n<thead>\n<tr>\n<td><\/td>\n<td><\/td>\n<td style=\"text-align: center;\">I<br \/>\nvahetus<\/td>\n<td style=\"text-align: center;\">II<br \/>\nvahetus<\/td>\n<td style=\"text-align: center;\">III<br \/>\nvahetus<\/td>\n<\/tr>\n<\/thead>\n<tbody>\n<tr>\n<td>1<\/td>\n<td>Viinistu<\/td>\n<td style=\"text-align: center;\">05:40<\/td>\n<td style=\"text-align: center;\">14:10<\/td>\n<td style=\"text-align: center;\">22:40<\/td>\n<\/tr>\n<tr>\n<td><\/td>\n<td>Viinistu tee<\/td>\n<td style=\"text-align: center;\">05:45<\/td>\n<td style=\"text-align: center;\">14:15<\/td>\n<td style=\"text-align: center;\">22:45<\/td>\n<\/tr>\n<tr>\n<td><\/td>\n<td>Suurpea<\/td>\n<td style=\"text-align: center;\">05:50<\/td>\n<td style=\"text-align: center;\">14:20<\/td>\n<td style=\"text-align: center;\">22:50<\/td>\n<\/tr>\n<tr>\n<td><\/td>\n<td>M\u00e4e<\/td>\n<td style=\"text-align: center;\">05:55<\/td>\n<td style=\"text-align: center;\">14:25<\/td>\n<td style=\"text-align: center;\">22:55<\/td>\n<\/tr>\n<tr>\n<td><\/td>\n<td>Loksa, tulet\u00f5rje maja<\/td>\n<td style=\"text-align: center;\">05:57<\/td>\n<td style=\"text-align: center;\">14:27<\/td>\n<td style=\"text-align: center;\">22:57<\/td>\n<\/tr>\n<tr>\n<td><\/td>\n<td>Loksa tehas<\/td>\n<td style=\"text-align: center;\">05:58<\/td>\n<td style=\"text-align: center;\">14:28<\/td>\n<td style=\"text-align: center;\">22:58<\/td>\n<\/tr>\n<tr>\n<td><\/td>\n<td>Loksa bussijaam<\/td>\n<td style=\"text-align: center;\">06:00<\/td>\n<td style=\"text-align: center;\">14:30<\/td>\n<td style=\"text-align: center;\">23:00<\/td>\n<\/tr>\n<tr>\n<td><\/td>\n<td>Kolgak\u00fcla<\/td>\n<td style=\"text-align: center;\">06:05<\/td>\n<td style=\"text-align: center;\">14:35<\/td>\n<td style=\"text-align: center;\">23:05<\/td>\n<\/tr>\n<tr>\n<td><\/td>\n<td>Kolga<\/td>\n<td style=\"text-align: center;\">06:15<\/td>\n<td style=\"text-align: center;\">14:45<\/td>\n<td style=\"text-align: center;\">23:15<\/td>\n<\/tr>\n<tr style=\"height: 5px;\">\n<td><\/td>\n<td><\/td>\n<td><\/td>\n<td><\/td>\n<td><\/td>\n<\/tr>\n<tr>\n<td><\/td>\n<td>Balti Spoon &#8211; Viinistu<\/td>\n<td style=\"text-align: center;\">15:35<\/td>\n<td style=\"text-align: center;\">00:05<\/td>\n<td style=\"text-align: center;\">07:05<\/td>\n<\/tr>\n<tr>\n<td><\/td>\n<td><\/td>\n<td><\/td>\n<td><\/td>\n<td><\/td>\n<\/tr>\n<tr>\n<td>2<\/td>\n<td>Loksa bussijaam<\/td>\n<td style=\"text-align: center;\">06:05<\/td>\n<td style=\"text-align: center;\">14:35<\/td>\n<td style=\"text-align: center;\">23:05<\/td>\n<\/tr>\n<tr>\n<td><\/td>\n<td><\/td>\n<td style=\"text-align: center;\"><\/td>\n<td style=\"text-align: center;\"><\/td>\n<td style=\"text-align: center;\"><\/td>\n<\/tr>\n<tr>\n<td><\/td>\n<td>Balti Spoon &#8211; Loksa<\/td>\n<td style=\"text-align: center;\">15:35<\/td>\n<td style=\"text-align: center;\">00:05<\/td>\n<td style=\"text-align: center;\">07:05<\/td>\n<\/tr>\n<tr>\n<td><\/td>\n<td><\/td>\n<td><\/td>\n<td><\/td>\n<td><\/td>\n<\/tr>\n<tr>\n<td>3<\/td>\n<td>Tapa, Eha tn\/Paide mnt<\/td>\n<td style=\"text-align: center;\">05:32<\/td>\n<td style=\"text-align: center;\">14:05<\/td>\n<td style=\"text-align: center;\">22:32<\/td>\n<\/tr>\n<tr>\n<td><\/td>\n<td>\u00d5htu pst (Maxima)<\/td>\n<td style=\"text-align: center;\">05:35<\/td>\n<td style=\"text-align: center;\">14:05<\/td>\n<td style=\"text-align: center;\">22:35<\/td>\n<\/tr>\n<tr>\n<td><\/td>\n<td>Postkontor<\/td>\n<td style=\"text-align: center;\">05:37<\/td>\n<td style=\"text-align: center;\">14:07<\/td>\n<td style=\"text-align: center;\">22:37<\/td>\n<\/tr>\n<tr>\n<td><\/td>\n<td>Kauplus Kaseke (Meie)<\/td>\n<td style=\"text-align: center;\">05:40<\/td>\n<td style=\"text-align: center;\">14:10<\/td>\n<td style=\"text-align: center;\">22:40<\/td>\n<\/tr>\n<tr>\n<td><\/td>\n<td><\/td>\n<td style=\"text-align: center;\"><\/td>\n<td style=\"text-align: center;\"><\/td>\n<td style=\"text-align: center;\"><\/td>\n<\/tr>\n<tr>\n<td><\/td>\n<td>Balti Spoon &#8211; Tapa<\/td>\n<td style=\"text-align: center;\">15:35<\/td>\n<td style=\"text-align: center;\">00:05<\/td>\n<td style=\"text-align: center;\">07:05<\/td>\n<\/tr>\n<tr>\n<td><\/td>\n<td><\/td>\n<td><\/td>\n<td><\/td>\n<td><\/td>\n<\/tr>\n<tr>\n<td>4<\/td>\n<td>Tallinn, Majaka<\/td>\n<td style=\"text-align: center;\">05:20<\/td>\n<td style=\"text-align: center;\">13:50<\/td>\n<td style=\"text-align: center;\">22:20<\/td>\n<\/tr>\n<tr>\n<td><\/td>\n<td>Paesilla<\/td>\n<td style=\"text-align: center;\">05:23<\/td>\n<td style=\"text-align: center;\">13:52<\/td>\n<td style=\"text-align: center;\">22:23<\/td>\n<\/tr>\n<tr>\n<td><\/td>\n<td>Laagna<\/td>\n<td style=\"text-align: center;\">05:25<\/td>\n<td style=\"text-align: center;\">13:54<\/td>\n<td style=\"text-align: center;\">22:25<\/td>\n<\/tr>\n<tr>\n<td><\/td>\n<td>Mustakivi<\/td>\n<td style=\"text-align: center;\">05:29<\/td>\n<td style=\"text-align: center;\">13:56<\/td>\n<td style=\"text-align: center;\">22:29<\/td>\n<\/tr>\n<tr>\n<td><\/td>\n<td>Maardu s\u00e4\u00e4stumarket<\/td>\n<td style=\"text-align: center;\">05:41<\/td>\n<td style=\"text-align: center;\">14:10<\/td>\n<td style=\"text-align: center;\">22:41<\/td>\n<\/tr>\n<tr>\n<td><\/td>\n<td>Valkla bussipeatus<\/td>\n<td style=\"text-align: center;\">06:07<\/td>\n<td style=\"text-align: center;\">14:40<\/td>\n<td style=\"text-align: center;\">23:07<\/td>\n<\/tr>\n<tr>\n<td><\/td>\n<td>Kiiu bussipeatus<\/td>\n<td style=\"text-align: center;\">06:12<\/td>\n<td style=\"text-align: center;\">14:45<\/td>\n<td style=\"text-align: center;\">23:12<\/td>\n<\/tr>\n<tr>\n<td><\/td>\n<td>Kuusalu (kiriku vastas)<\/td>\n<td style=\"text-align: center;\">06:17<\/td>\n<td style=\"text-align: center;\">14:50<\/td>\n<td style=\"text-align: center;\">23:17<\/td>\n<\/tr>\n<tr>\n<td><\/td>\n<td><\/td>\n<td style=\"text-align: center;\"><\/td>\n<td style=\"text-align: center;\"><\/td>\n<td style=\"text-align: center;\"><\/td>\n<\/tr>\n<tr>\n<td><\/td>\n<td>Balti Spoon &#8211; Tallinn<\/td>\n<td style=\"text-align: center;\">15:35<\/td>\n<td style=\"text-align: center;\">00:05<\/td>\n<td style=\"text-align: center;\">07:05<\/td>\n<\/tr>\n<\/tbody>\n<\/table>\n","protected":false},"excerpt":{"rendered":"<p>I vahetus II vahetus III vahetus 1 Viinistu 05:40 14:10 22:40 Viinistu tee 05:45 14:15 22:45 Suurpea 05:50 14:20 22:50 M\u00e4e 05:55 14:25 22:55 Loksa, tulet\u00f5rje maja 05:57 14:27 22:57 Loksa tehas 05:58 14:28 22:58 Loksa bussijaam 06:00 14:30 23:00 Kolgak\u00fcla 06:05 14:35 23:05 Kolga 06:15 14:45 23:15 Balti Spoon &#8211; Viinistu 15:35 00:05 07:05 &hellip; <a href=\"https:\/\/www.baltispoon.ee\/ru\/rabochiemesta\/busplanrus\/\" class=\"read-more\">Read more<\/a><\/p>\n","protected":false},"author":2,"featured_media":0,"parent":860,"menu_order":0,"comment_status":"closed","ping_status":"closed","template":"","meta":{"_monsterinsights_skip_tracking":false,"_monsterinsights_sitenote_active":false,"_monsterinsights_sitenote_note":"","_monsterinsights_sitenote_category":0,"footnotes":""},"class_list":["post-862","page","type-page","status-publish","hentry"],"_links":{"self":[{"href":"https:\/\/www.baltispoon.ee\/ru\/wp-json\/wp\/v2\/pages\/862","targetHints":{"allow":["GET"]}}],"collection":[{"href":"https:\/\/www.baltispoon.ee\/ru\/wp-json\/wp\/v2\/pages"}],"about":[{"href":"https:\/\/www.baltispoon.ee\/ru\/wp-json\/wp\/v2\/types\/page"}],"author":[{"embeddable":true,"href":"https:\/\/www.baltispoon.ee\/ru\/wp-json\/wp\/v2\/users\/2"}],"replies":[{"embeddable":true,"href":"https:\/\/www.baltispoon.ee\/ru\/wp-json\/wp\/v2\/comments?post=862"}],"version-history":[{"count":16,"href":"https:\/\/www.baltispoon.ee\/ru\/wp-json\/wp\/v2\/pages\/862\/revisions"}],"predecessor-version":[{"id":7876,"href":"https:\/\/www.baltispoon.ee\/ru\/wp-json\/wp\/v2\/pages\/862\/revisions\/7876"}],"up":[{"embeddable":true,"href":"https:\/\/www.baltispoon.ee\/ru\/wp-json\/wp\/v2\/pages\/860"}],"wp:attachment":[{"href":"https:\/\/www.baltispoon.ee\/ru\/wp-json\/wp\/v2\/media?parent=862"}],"curies":[{"name":"wp","href":"https:\/\/api.w.org\/{rel}","templated":true}]}}