{"id":8951,"date":"2025-10-16T08:48:47","date_gmt":"2025-10-16T05:48:47","guid":{"rendered":"https:\/\/www.baltispoon.ee\/?page_id=8951"},"modified":"2025-10-16T13:16:32","modified_gmt":"2025-10-16T10:16:32","slug":"projektid","status":"publish","type":"page","link":"https:\/\/www.baltispoon.ee\/et\/projektid\/","title":{"rendered":"Projektid"},"content":{"rendered":"<div class=\"mobile-content-padding about-title\" style=\"background: url('\/wp-content\/uploads\/2021\/10\/MeistBS.jpg') #ccc no-repeat; background-size: 100% 100%;\">\n    <\/div>\n<div class=\"mobile-content-padding about-text\">\n    <\/div>\n\n<div style=\"padding-left: 200px; margin-top: -50px; padding-right: 200px; text-align: left; box-sizing: border-box; font-weight: normal;\"><style>\ndiv p {font-size: 16px;}\n<\/style>\n<h2><strong>Sisep\u00f5lemismootoriga kahvelt\u00f5stukite v\u00e4ljavahetamine elektriliste vastu<\/strong><\/h2>\n<p>\u00a0<\/p>\n<p><strong>Projekti l\u00fchikirjeldus:<\/strong><\/p>\n<p>Ettev\u00f5ttes kasutusel olevad kahvelt\u00f5stukid on sisep\u00f5lemismootoriga, mille puhul kasutatakse k\u00fctusena gaasi. T\u00f5stukeid kasutatakse intensiivselt igap\u00e4evastes t\u00f6\u00f6protsessides, n\u00e4iteks kaupade ladustamisel ja liigutamisel, aga ka tootmisliinide teenindamisel. <a> <img loading=\"lazy\" decoding=\"async\" class=\"size-medium wp-image-8937 alignright\" style=\"float: right; margin: 0 0 20px 20px; width: 450px; height: auto;\" src=\"https:\/\/www.baltispoon.ee\/wp-content\/uploads\/2025\/10\/NextGen_Rahastanud_EL_NextGeneration_EST_hor_color_RGB-450x253.jpg\" alt=\"\" width=\"450\" height=\"253\" srcset=\"https:\/\/www.baltispoon.ee\/wp-content\/uploads\/2025\/10\/NextGen_Rahastanud_EL_NextGeneration_EST_hor_color_RGB-450x253.jpg 450w, https:\/\/www.baltispoon.ee\/wp-content\/uploads\/2025\/10\/NextGen_Rahastanud_EL_NextGeneration_EST_hor_color_RGB-210x118.jpg 210w, https:\/\/www.baltispoon.ee\/wp-content\/uploads\/2025\/10\/NextGen_Rahastanud_EL_NextGeneration_EST_hor_color_RGB-768x431.jpg 768w, https:\/\/www.baltispoon.ee\/wp-content\/uploads\/2025\/10\/NextGen_Rahastanud_EL_NextGeneration_EST_hor_color_RGB-600x337.jpg 600w, https:\/\/www.baltispoon.ee\/wp-content\/uploads\/2025\/10\/NextGen_Rahastanud_EL_NextGeneration_EST_hor_color_RGB.jpg 1022w\" sizes=\"auto, (max-width: 450px) 100vw, 450px\" \/> <\/a> Sisep\u00f5lemismootoriga t\u00f5stukid eraldavad kasutamise ajal heitgaase, mis reostavad \u00f5hku.<\/p>\n<p>V\u00e4litingimustes ei pruugi see nii suur probleem olla, kuid sisetingimustes, kus ventilatsioon on piiratud, v\u00f5ib heitgaasidega kaasneda \u00f5hukvaliteedi halvenemine ja t\u00f6\u00f6tajate terviseprobleemid. Heitgaasid, mis sisep\u00f5lemismootoritega t\u00f5stukitest eralduvad, v\u00f5ivad tekitada terviseriske, nagu peavalu, v\u00e4simus v\u00f5i pikaajalisel kokkupuutel ka t\u00f5sisemaid haigusi. Lisaks tekitavad sisep\u00f5lemismootorid m\u00fcra, mis v\u00f5ib p\u00f5hjustada t\u00f6\u00f6v\u00e4simust ja kahjustada kuulmist. Ettev\u00f5ttes on praegu kasutusel 6 gaasit\u00f5stukit \u2014 1 viietonnise ja 5 kolmetonnise t\u00f5stej\u00f5uga t\u00f5stukit. Esialgu l\u00e4heb v\u00e4ljavahetamisele 4 kolmetonnise t\u00f5stej\u00f5uga t\u00f5stukit. \u00dcks t\u00f5stuk t\u00f6\u00f6tab valdavalt v\u00e4litingimustes ja esialgu v\u00e4ljavahetamisele ei l\u00e4he.<\/p>\n<p>Elektrilised kahvelt\u00f5stukid on null-emissiooniga s\u00f5idukid, mis t\u00e4hendab, et nad ei eralda heitgaase. See aitab v\u00e4hendada ettev\u00f5tte \u00f6koloogilist jalaj\u00e4lge ja parandada \u00f5hukvaliteeti, eriti sisetingimustes. Rohelisem t\u00f6\u00f6meetod on koosk\u00f5las \u00fcha rangemate keskkonnan\u00f5uetega ja aitab ettev\u00f5ttel j\u00e4rgida tulevikus karmistuvaid regulatsioone. Elektrit\u00f5stukid on pikajaliselt soodsamad, kuna elektrienergia maksab v\u00e4hem kui k\u00fctus ning elektrit\u00f5stukite hooldusvajadus on v\u00e4iksem. Gaasi hind ja kvaliteet on ajalooliselt olnud v\u00e4ga k\u00f5ikuvad. Elektrilised t\u00f5stukid vajavad k\u00fcll laadimisaega, kuid sobiva t\u00f6\u00f6korralduse ja laadimiss\u00fcsteemide optimeerimisega saab t\u00f5stukite t\u00f6\u00f6protsessi sujuvana hoida. Seda k\u00f5ike toetab ka meie \u00e4sja valminud p\u00e4ikesepark. Elektrit\u00f5stukite kasutamine v\u00e4hendab heitgaaside m\u00f5ju t\u00f6\u00f6tajatele, mis omakorda parandab t\u00f6\u00f6tingimusi ja v\u00e4hendab v\u00f5imalikke terviseriske. Elektrilised kahvelt\u00f5stukid esindavad kaasaegsemat ja s\u00e4\u00e4stlikumat tehnoloogiat.<\/p>\n<p><strong>Projekti eesm\u00e4rk:<\/strong><\/p>\n<p>Projekti eesm\u00e4rk on suurendada ettev\u00f5tte j\u00e4tkusuutlikkust, v\u00e4hendada kulusid ja parandada t\u00f6\u00f6tajate heaolu, pakkudes kaasaegsemat ja keskkonnas\u00f5bralikumat lahendust v\u00f5rreldes sisep\u00f5lemismootoriga kahvelt\u00f5stukitega. V\u00e4hendada saasteainete heitkoguseid, suurendada t\u00f5husust ja v\u00e4hendada hooldusaegu. Parandada siset\u00f6\u00f6deks kasutatava ruumi \u00f5hukvaliteeti, v\u00e4hendada m\u00fcra ja heitgaase, valmistuda v\u00f5imalike regulatsioonide ja keskkonnastandardite karmistumiseks.<\/p>\n<p><strong>Projekti tulemus:<\/strong><\/p>\n<p>Sisep\u00f5lemismootoriga kahvelt\u00f5stukite asendamine elektriliste kahvelt\u00f5stukitega toob endaga kaasa heitmete v\u00e4henemise, keskkonnas\u00f5bralikumad t\u00f6\u00f6protsessid ja ettev\u00f5tte maine t\u00f5usu keskkonnateadliku tegutsejana. Elektrit\u00f5stukite pikem t\u00f6\u00f6iga ja madalam energiakulu v\u00e4hendavad seisakuid ning parandavad t\u00f6\u00f6 sujuvust.<\/p>\n<p><strong>Projekti toetuse summa:<\/strong><\/p>\n<p>100 000 \u20ac<\/p>\n<\/div>\n\n\n\n\n<!-- Footer -->\n<footer class=\"text-center text-lg-start\">\n\n  <!-- Section: Links  -->\n  <section class=\"\">\n    <div class=\"container text-center text-md-start mt-5\">\n      <!-- Grid row -->\n      <div class=\"row mt-3\">\n        <!-- Grid column -->\n        <div class=\"col-md-5 col-lg-5 col-xl-5 mb-4 footer-left-text\">\n          <a href=\"https:\/\/www.baltispoon.ee\/et\/\" title=\"M\u00f6hring\" rel=\"home\" class=\"logo\"><img decoding=\"async\" width=\"112\" src=\"https:\/\/www.baltispoon.ee\/wp-content\/themes\/mohring\/gfx\/new\/logo-footer-1.jpg\" alt=\"M\u00f6hring\" \/><\/a>\n          <p class=\"mt-2\">\n            Balti Spoon j\u00e4tkab iidset spooni- tootmise traditsiooni, kasutades t\u00e4nap\u00e4evast moodsat tehnoloogiat ja k\u00f5ige kvaliteetsemat saadaolevat toormaterjali.          <\/p>\n          <div class=\"mt-4\">\n            <a href=\"https:\/\/www.youtube.com\/channel\/UCw8w20CgOiRGndGeyGdCFqg\" target=\"_blank\" class=\"mr-4\"><img decoding=\"async\" src=\"https:\/\/www.baltispoon.ee\/wp-content\/themes\/mohring\/gfx\/new\/yt-logo.jpg?v=3\" width=\"40\" \/><\/a>\n            <a href=\"https:\/\/www.facebook.com\/BaltiSpoon\/\" target=\"_blank\"><img decoding=\"async\" src=\"https:\/\/www.baltispoon.ee\/wp-content\/themes\/mohring\/gfx\/new\/fb-logo.jpg?v=3\" width=\"24\" \/><\/a>\n          <\/div>\n        <\/div>\n        <!-- Grid column -->\n\n        <!-- Grid column -->\n        <div class=\"col-md-2 col-lg-2 col-xl-2 mx-auto mb-4\">\n\t\t\t<ul id=\"menu-english-menu\" class=\"navbar-nav ml-auto\"><li id=\"menu-item-47\" class=\"menu-item menu-item-type-custom menu-item-object-custom menu-item-47 footer-nav-item\"><a href=\"\/about-us\">About Us<\/a><\/li>\n<li id=\"menu-item-29\" class=\"menu-item menu-item-type-post_type menu-item-object-page menu-item-29 footer-nav-item\"><a href=\"https:\/\/www.baltispoon.ee\/products\/\">Products<\/a><\/li>\n<li id=\"menu-item-25\" class=\"menu-item menu-item-type-post_type menu-item-object-page menu-item-25 footer-nav-item\"><a href=\"https:\/\/www.baltispoon.ee\/career\/\">Career<\/a><\/li>\n<li id=\"menu-item-2567\" class=\"menu-item menu-item-type-post_type menu-item-object-page menu-item-2567 footer-nav-item\"><a href=\"https:\/\/www.baltispoon.ee\/contacts\/estonia\/\">Contacts<\/a><\/li>\n<\/ul>        <\/div>\n        <!-- Grid column -->\n\n        <!-- Grid column -->\n        <div class=\"col-md-4 col-lg-4 col-xl-4 mx-auto mb-md-0 mb-4 footer-right-text\">\n          <!-- Links -->\n          <p style=\"padding-top:16px;\"><p>Kupu k\u00fcla, Kuusalu vald, 74610,<br \/>\nHarju county, Estonia<\/p>\n<\/p>\n          <p style=\"padding-top:5px;\">\n            <a href=\"mailto:info@baltispoon.ee\">info@baltispoon.ee<\/a>\n          <\/p>\n          <p style=\"padding-top:5px;\">\u00a9 2021 Balti Spoon<\/p>\n        <\/div>\n\n        <div class=\"col-md-1 col-lg-1 col-xl-1 mx-auto mb-md-0 mb-4 footer-right-text\">\n          <a href=\"https:\/\/www.furnier.de\/\" target=\"_blank\"><img decoding=\"async\" src=\"https:\/\/www.baltispoon.ee\/wp-content\/themes\/mohring\/gfx\/new\/ifn-logo.jpg?v=3\" width=\"96\" \/><\/a>\n        <\/div>\n        <!-- Grid column -->\n      <\/div>\n      <!-- Grid row -->\n    <\/div>\n  <\/section>\n  <!-- Section: Links  -->\n    <div class=\"text-center p-4 footer-bottom\">\n      <a class=\"text-reset mr-md-4\" href=\"https:\/\/www.baltispoon.ee\/et\/reporting-a-workplace-violation\">T\u00f6\u00f6alasest rikkumisest teavitamine<\/a>\n            <a class=\"text-reset mr-md-4\" href=\"https:\/\/www.baltispoon.ee\/et\/privacy-policy\">Privacy policy<\/a>\n            <a class=\"text-reset mr-md-4\" href=\"https:\/\/www.baltispoon.ee\/et\/cookie-policy\">Cookie policy<\/a>\n      <!--\n            <a class=\"text-reset\" href=\"https:\/\/www.baltispoon.ee\/et\/terms-of-use\">Terms of use<\/a>\n      -->\n    <\/div>\n\n  <a class=\"scroll-top\" href=\"javascript:void(0)\" onclick=\"$('html, body').animate({scrollTop: 0}, 2000);\"><img decoding=\"async\" src=\"https:\/\/www.baltispoon.ee\/wp-content\/themes\/mohring\/gfx\/new\/icon-arrow-top.svg\"><\/a>\n<\/footer>\n<!-- Footer -->\n\n\n","protected":false},"excerpt":{"rendered":"<p>Sisep\u00f5lemismootoriga kahvelt\u00f5stukite v\u00e4ljavahetamine elektriliste vastu \u00a0 Projekti l\u00fchikirjeldus: Ettev\u00f5ttes kasutusel olevad kahvelt\u00f5stukid on sisep\u00f5lemismootoriga, mille puhul kasutatakse k\u00fctusena gaasi. T\u00f5stukeid kasutatakse intensiivselt igap\u00e4evastes t\u00f6\u00f6protsessides, n\u00e4iteks kaupade ladustamisel ja liigutamisel, aga ka tootmisliinide teenindamisel. Sisep\u00f5lemismootoriga t\u00f5stukid eraldavad kasutamise ajal heitgaase, mis reostavad \u00f5hku. V\u00e4litingimustes ei pruugi see nii suur probleem olla, kuid sisetingimustes, kus ventilatsioon on &hellip; <a href=\"https:\/\/www.baltispoon.ee\/et\/projektid\/\" class=\"read-more\">Read more<\/a><\/p>\n","protected":false},"author":7,"featured_media":0,"parent":0,"menu_order":0,"comment_status":"closed","ping_status":"closed","template":"","meta":{"_monsterinsights_skip_tracking":false,"_monsterinsights_sitenote_active":false,"_monsterinsights_sitenote_note":"","_monsterinsights_sitenote_category":0,"footnotes":""},"class_list":["post-8951","page","type-page","status-publish","hentry"],"_links":{"self":[{"href":"https:\/\/www.baltispoon.ee\/et\/wp-json\/wp\/v2\/pages\/8951","targetHints":{"allow":["GET"]}}],"collection":[{"href":"https:\/\/www.baltispoon.ee\/et\/wp-json\/wp\/v2\/pages"}],"about":[{"href":"https:\/\/www.baltispoon.ee\/et\/wp-json\/wp\/v2\/types\/page"}],"author":[{"embeddable":true,"href":"https:\/\/www.baltispoon.ee\/et\/wp-json\/wp\/v2\/users\/7"}],"replies":[{"embeddable":true,"href":"https:\/\/www.baltispoon.ee\/et\/wp-json\/wp\/v2\/comments?post=8951"}],"version-history":[{"count":22,"href":"https:\/\/www.baltispoon.ee\/et\/wp-json\/wp\/v2\/pages\/8951\/revisions"}],"predecessor-version":[{"id":8979,"href":"https:\/\/www.baltispoon.ee\/et\/wp-json\/wp\/v2\/pages\/8951\/revisions\/8979"}],"wp:attachment":[{"href":"https:\/\/www.baltispoon.ee\/et\/wp-json\/wp\/v2\/media?parent=8951"}],"curies":[{"name":"wp","href":"https:\/\/api.w.org\/{rel}","templated":true}]}}