{"id":8155,"date":"2024-07-03T12:51:25","date_gmt":"2024-07-03T09:51:25","guid":{"rendered":"https:\/\/www.baltispoon.ee\/?page_id=8155"},"modified":"2025-02-10T08:17:02","modified_gmt":"2025-02-10T06:17:02","slug":"katlaoperaator","status":"publish","type":"page","link":"https:\/\/www.baltispoon.ee\/et\/tookohad\/toopakkumised\/katlaoperaator\/","title":{"rendered":"Katlaoperaator"},"content":{"rendered":"<div class=\"block-job-header\">\n\n    <div class=\"row\">\n        <div class=\"col-md-8 col-lg-8\">\n            <label class=\"underlined\">Katlaoperaator<\/label>\n            <span class=\"sub\"><\/span>\n        <\/div>\n        <div class=\"col-md-4 col-lg-4 block-job-header-right\">\n            <a class=\"read-more with-arrow\" href=\"#\">Kandideeri kohe<\/a>\n        <\/div>\n    <\/div>\n\n    <div class=\"share\">\n        jaga: \n\n        <a title=\"Twitter\" class=\"share-btn\" href=\"https:\/\/twitter.com\/intent\/tweet?text=Katlaoperaator\" onclick=\"return !window.open(this.href, 'Twitter', 'width=640,height=580')\">\n            <img decoding=\"async\" src=\"\/wp-content\/themes\/mohring\/gfx\/new\/twitter.svg\" \/>\n        <\/a>\n\n        <a title=\"LinkedIn\" class=\"share-btn\" href=\"https:\/\/www.linkedin.com\/shareArticle?mini=true&#038;url=https:\/\/www.baltispoon.ee\/et\/tookohad\/toopakkumised\/katlaoperaator\/&#038;source=BaltiSpoon\" onclick=\"window.open(this.href, 'LinkedIn', 'left=20,top=20,width=500,height=500,toolbar=1,resizable=0'); return false;\">\n            <img decoding=\"async\" src=\"\/wp-content\/themes\/mohring\/gfx\/new\/linkedin.svg\" \/>\n        <\/a>\n\n        <a title=\"facebook\" class=\"share-btn\" href=\"https:\/\/www.facebook.com\/sharer\/sharer.php?u=https:\/\/www.baltispoon.ee\/et\/tookohad\/toopakkumised\/katlaoperaator\/&#038;display=popup&#038;ref=plugin&#038;src=share_button\" onclick=\"return !window.open(this.href, 'Facebook', 'width=640,height=580')\">\n            <img decoding=\"async\" src=\"\/wp-content\/themes\/mohring\/gfx\/new\/facebook.svg\" \/>\n        <\/a>\n\n        <button class=\"copyButton bg-green\">Kopeeri link<\/button>\n        <input class=\"linkToCopy\" value=\"https:\/\/www.baltispoon.ee\/et\/tookohad\/toopakkumised\/katlaoperaator\/\" style=\"position: absolute; z-index: -999; opacity: 0;\" \/>\n        <input type=\"hidden\" id=\"copied-val\" value=\"Link on kopeeritud\" \/>\n    <\/div>\n\n<\/div>\n\n<style type=\"text\/css\">\n    .linkToCopy {\n        display:block;\n    }\n    .close-btn-wrapper {\n        display: block;\n        position: fixed;\n        top: 20px;\n        right: 20px;\n        z-index:100;\n    }\n    .close-btn-wrapper a {\n        padding: 3px 8px!important;\n    }\n    .block-job-header {\n        margin-bottom: 45px;\n        padding: 0 20px;\n    }\n    .block-job-header-right {\n        text-align: left;\n        margin-top: 20px;\n    }\n    .block-job-header label {\n        display: inline-block;\n        margin-bottom: 0;\n        font-weight: 500;\n        font-size: 34px;\n        line-height: 41px;\n        letter-spacing: 0.0025em;\n    }\n    .block-job-header span.sub {\n        display: block;\n        font-weight: 500;\n        font-size: 14px;\n        line-height: 17px;\n        letter-spacing: 0.015em;\n        font-variant: small-caps;\n    }\n    .block-job-header .share {\n        margin-top: 30px;\n        font-weight: 500;\n        font-size: 14px;\n        line-height: 17px;\n        letter-spacing: 0.015em;\n        font-variant: small-caps;\n    }\n    .copyButton {\n        border: 1px #9CCD50 solid;\n    }\n    .share-btn:hover {\n        text-decoration: none;\n    }\n    @media (min-width: 992px) {\n        .close-btn-wrapper {\n            display: block;\n            position: fixed;\n            top: 20px;\n            right: 20px;\n        }\n        .close-btn-wrapper a {\n            padding: 11px 28px!important;\n        }\n        .block-job-header {\n            padding: 0 330px;\n        }\n        .block-job-header-right {\n            margin-top: 0px;\n            text-align: right;\n            flex-direction: column;\n            display: flex;\n            justify-content: center;\n            align-items: center;\n        }\n    }\n<\/style>\n\n\n<div class=\"block-job-content\">\n    <p style=\"margin-bottom: 44px;\">Tule meie meeskonda! Katlamaja on meie tootmise jaoks justnagu s\u00fcda, ilma milleta meie tootmine seiskuks. Siin toodetakse soojust puidukuumutamise vannide ja spoonikuivatite t\u00f6\u00f6shoidmiseks. Sinu \u00fclesandeks kataloperaatorina saab katelde ja nende abiseadmete avariideta ning \u00f6konoomsel re\u017eiimil k\u00e4itamine.<\/p>\n    <h3>See t\u00f6\u00f6 sobib sulle, kui<\/h3>\n    <ul>\n                    <li>Oled iseseisev, lahendustele orienteeritud suhtumisega ega karda v\u00f5tta vastutust<\/li>                    <li>Sulle sobib vahetustega t\u00f6\u00f6 (12h)<\/li>                    <li>Sul on vastav v\u00e4lja\u00f5pe ja t\u00f6\u00f6kogemus katlak\u00e4itajana<\/li>                    <li>Suhtled vabalt eesti ja\/v\u00f5i vene keeles<\/li>                                                                                                                                    <\/ul>\n    <div style=\"margin: 40px 0;\"><img decoding=\"async\" src=\"https:\/\/www.baltispoon.ee\/wp-content\/uploads\/2024\/07\/KatlamajaWeb1.jpg\" width=\"100%\" \/><\/div>\n    <h3>Mis ettev\u00f5te on Balti Spoon?<\/h3>\n    <p style=\"margin-bottom: 44px;\">Balti Spoon on arenev rahvusvaheline puidut\u00f6\u00f6stus, mis toodab kauni mustriga naturaalseid kattespoone. Meie spooniga kaetud dekoratiivsed m\u00f6\u00f6bliesemed, p\u00f5randad ja seinad kaunistavad paljusid kodusid, koole ja kontserdisaale \u00fcle maailma. Balti Spooni tehas asub Kuusalu l\u00e4hedal Kupu k\u00fclas Harjumaal.<\/p> \n    <h3>Miks tulla t\u00f6\u00f6le Balti Spooni? <span class=\"green\"><\/span><\/h3>\n    <ul>\n                    <li>kindel t\u00f6\u00f6koht ja stabiilne sissetulek<\/li>                                        <li>vajalikud t\u00f6\u00f6riided ja tasuta l\u00f5unas\u00f6\u00f6k<\/li>                    <li>regulaarne t\u00f6\u00f6tervishoiuarsti kontroll k\u00f5igile<\/li>                    <li>sporditoetus Stebby keskkonnas<\/li>                    <li>kingid ja toetused erinevate t\u00e4htp\u00e4evade puhul t\u00f6\u00f6tajatele ja lastele<\/li>                    <li>kokkuhoidvad meeskonnakaaslased<\/li>                                                                        <\/ul>\n        <h3 style=\"margin-top: 50px;;\"><\/h3>\n    <p style=\"margin-bottom: 44px;\"><\/p>\n<\/div>\n\n<style type=\"text\/css\">\n    .block-job-content {\n        padding: 0 20px;\n    }\n    .block-job-content p {\n        font-weight: normal;\n        font-size: 16px;\n        line-height: 150%;\n        letter-spacing: 0.005em;\n    }\n    .block-job-content h3 {\n        margin-bottom: 20px;\n        font-weight: 500;\n        font-size: 20px;\n        line-height: 24px;\n        letter-spacing: 0.0015em;\n    }\n    .block-job-content ul {\n        margin: 20px 0 0 0;\n        padding: 0;\n        list-style: none;\n        font-weight: normal;\n        font-size: 16px;\n        line-height: 150%;\n    }\n        .block-job-content ul li {\n            padding-left: 31px;\n            margin-bottom: 20px;\n            background: url('\/wp-content\/themes\/mohring\/gfx\/new\/green-line-item.svg') left 9px no-repeat;\n        }\n    .block-job-content a.see-more {\n\t\tdisplay: inline-block;\n\t\tmargin-top: 17px;\n\t\tpadding-right: 20px;\n\t\tbackground: url('\/wp-content\/themes\/mohring\/gfx\/new\/arrow-right.svg') right no-repeat;\n\t\tfont-weight: 500;\n\t\tfont-size: 14px;\n\t\tline-height: 17px;\n\t\tletter-spacing: 0.0125em;\n\t\tcolor: #282A2D;\n    }\n\n    @media (min-width: 992px) {\n        .block-job-content {\n            padding: 0 330px;\n        }\n    }\n<\/style>\n\n<div class=\"block-job-picture\">\n    <img decoding=\"async\" src=\"https:\/\/www.baltispoon.ee\/wp-content\/uploads\/2024\/01\/Mehaanik3.jpg\" width=\"100%\" \/>\n<\/div>\n<style type=\"text\/css\">\n    .block-job-picture {\n        margin-top: 40px; \n        padding: 0 20px;\n    }\n    @media (min-width: 992px) {\n        .block-job-picture {\n            padding: 0 330px;\n        }\n    }\n<\/style>\n\n<div class=\"block-job-back-link\">\n    <a href=\"#\" class=\"back-btn iframe-close\">K\u00f5ik t\u00f6\u00f6kohad<\/a>\n<\/div>\n<style type=\"text\/css\">\n    .block-job-back-link {\n        padding: 0 20px;\n        margin: 45px 0;\n    }\n    .block-job-back-link a.back-btn {\n        display: inline-block;\n        padding-left: 20px;\n        background: url('\/wp-content\/themes\/mohring\/gfx\/new\/arrow-left.svg') left no-repeat;\n        font-weight: 500;\n        font-size: 14px;\n        line-height: 17px;\n        letter-spacing: 0.0125em;\n        color: #282A2D;\n    }\n    @media (min-width: 992px) {\n        .block-job-back-link {\n            padding: 0 330px;\n        }\n    }\n<\/style>\n\n<div class=\"block-job-form bg-grey\">\n    <div class=\"row\">\n        <div class=\"col-md-4 col-lg-4\">\n        <\/div>\n        <div class=\"col-md-4 col-lg-4\">\n            <label class=\"title\">Kandideeri<\/label>\n            <div class=\"descr\">Saada enda kandideerimistaotlus<\/div>\n            <div class=\"contact-form\">\n<div class=\"wpcf7 no-js\" id=\"wpcf7-f5172-o1\" lang=\"en-US\" dir=\"ltr\" data-wpcf7-id=\"5172\">\n<div class=\"screen-reader-response\"><p role=\"status\" aria-live=\"polite\" aria-atomic=\"true\"><\/p> <ul><\/ul><\/div>\n<form action=\"\/et\/wp-json\/wp\/v2\/pages\/8155#wpcf7-f5172-o1\" method=\"post\" class=\"wpcf7-form init\" aria-label=\"Contact form\" enctype=\"multipart\/form-data\" novalidate=\"novalidate\" data-status=\"init\">\n<fieldset class=\"hidden-fields-container\"><input type=\"hidden\" name=\"_wpcf7\" value=\"5172\" \/><input type=\"hidden\" name=\"_wpcf7_version\" value=\"6.1.2\" \/><input type=\"hidden\" name=\"_wpcf7_locale\" value=\"en_US\" \/><input type=\"hidden\" name=\"_wpcf7_unit_tag\" value=\"wpcf7-f5172-o1\" \/><input type=\"hidden\" name=\"_wpcf7_container_post\" value=\"0\" \/><input type=\"hidden\" name=\"_wpcf7_posted_data_hash\" value=\"\" \/><input type=\"hidden\" name=\"_wpcf7_recaptcha_response\" value=\"\" \/>\n<\/fieldset>\n<div class=\"wpcf7-response-output\" aria-hidden=\"true\"><\/div>\n<div class=\"form-group\">\n\t<p><label>Ees- ja perekonnanimi <sup>*<\/sup><\/label><br \/>\n<span class=\"wpcf7-form-control-wrap\" data-name=\"fullname\"><input size=\"40\" maxlength=\"400\" class=\"wpcf7-form-control wpcf7-text wpcf7-validates-as-required\" aria-required=\"true\" aria-invalid=\"false\" value=\"\" type=\"text\" name=\"fullname\" \/><\/span>\n\t<\/p>\n<\/div>\n<div class=\"form-group\">\n\t<p><label>Telefon <sup>*<\/sup><\/label><br \/>\n<span class=\"wpcf7-form-control-wrap\" data-name=\"phone\"><input size=\"40\" maxlength=\"400\" class=\"wpcf7-form-control wpcf7-text wpcf7-validates-as-required\" aria-required=\"true\" aria-invalid=\"false\" value=\"\" type=\"text\" name=\"phone\" \/><\/span>\n\t<\/p>\n<\/div>\n<div class=\"form-group\">\n\t<p><label>E-post <sup>*<\/sup><\/label><br \/>\n<span class=\"wpcf7-form-control-wrap\" data-name=\"email\"><input size=\"40\" maxlength=\"400\" class=\"wpcf7-form-control wpcf7-text wpcf7-validates-as-required\" aria-required=\"true\" aria-invalid=\"false\" value=\"\" type=\"text\" name=\"email\" \/><\/span>\n\t<\/p>\n<\/div>\n<div class=\"form-group\">\n\t<p><label>Elukoht <sup>*<\/sup><\/label><br \/>\n<span class=\"wpcf7-form-control-wrap\" data-name=\"homeaddress\"><input size=\"40\" maxlength=\"400\" class=\"wpcf7-form-control wpcf7-text wpcf7-validates-as-required\" aria-required=\"true\" aria-invalid=\"false\" value=\"\" type=\"text\" name=\"homeaddress\" \/><\/span>\n\t<\/p>\n<\/div>\n<div class=\"form-group\">\n\t<p><label>Ametikoht <sup>*<\/sup><\/label><br \/>\n<span class=\"wpcf7-form-control-wrap\" data-name=\"valdkond\"><select class=\"wpcf7-form-control wpcf7-select wpcf7-validates-as-required\" aria-required=\"true\" aria-invalid=\"false\" name=\"valdkond\"><option value=\"\">&#8212;Please choose an option&#8212;<\/option><option value=\"Elektrik\">Elektrik<\/option><option value=\"Mehaanik-keevitaja\">Mehaanik-keevitaja<\/option><option value=\"Katlaoperaator\">Katlaoperaator<\/option><option value=\"Mehaanik\">Mehaanik<\/option><option value=\"Mehhatroonik\">Mehhatroonik<\/option><\/select><\/span>\n\t<\/p>\n<\/div>\n<div class=\"form-group\">\n\t<p><label>Lae CV<\/label><br \/>\n<span class=\"wpcf7-form-control-wrap\" data-name=\"cv\"><input size=\"40\" class=\"wpcf7-form-control wpcf7-file\" accept=\".doc,.docx,.pdf\" aria-invalid=\"false\" type=\"file\" name=\"cv\" \/><\/span>\n\t<\/p>\n<\/div>\n<div class=\"form-group\">\n\t<p><label>Lisainfo<\/label><br \/>\n<span class=\"wpcf7-form-control-wrap\" data-name=\"info3\"><textarea cols=\"40\" rows=\"10\" maxlength=\"2000\" class=\"wpcf7-form-control wpcf7-textarea\" aria-invalid=\"false\" name=\"info3\"><\/textarea><\/span>\n\t<\/p>\n<\/div>\n<div class=\"form-group\">\n\n<\/div>\n<div class=\"form-group\">\n\t<p><input class=\"wpcf7-form-control wpcf7-submit has-spinner\" type=\"submit\" value=\"Esita avaldus\" \/>\n\t<\/p>\n<\/div><p style=\"display: none !important;\" class=\"akismet-fields-container\" data-prefix=\"_wpcf7_ak_\"><label>&#916;<textarea name=\"_wpcf7_ak_hp_textarea\" cols=\"45\" rows=\"8\" maxlength=\"100\"><\/textarea><\/label><input type=\"hidden\" id=\"ak_js_1\" name=\"_wpcf7_ak_js\" value=\"137\"\/><script>document.getElementById( \"ak_js_1\" ).setAttribute( \"value\", ( new Date() ).getTime() );<\/script><\/p>\n<\/form>\n<\/div>\n<\/div>\n        <\/div>\n    <\/div>\n<\/div>\n<style type=\"text\/css\">\n    .block-job-form {\n        padding: 40px 20px;\n    }\n    .block-job-form label.title {\n        font-style: normal;\n        font-weight: 500;\n        font-size: 48px;\n        line-height: 59px;\n    }\n    .block-job-form .descr {\n        margin-bottom: 35px;\n        font-weight: normal;\n        font-size: 16px;\n        line-height: 150%;\n        letter-spacing: 0.005em;\n    }\n    .block-job-form select, .block-job-form textarea {\n        width: 100%;\n    }\n    .block-job-form input[type=\"submit\"] {\n        padding-right: 50px;\n        background-image: url('\/wp-content\/themes\/mohring\/gfx\/new\/arrow-right-black.svg');\n        background-position: right 30px center;\n        background-repeat: no-repeat;\n    }\n\n    @media (min-width: 992px) {\n        .block-job-form {\n            padding: 40px 0px;\n        }\n    }\n<\/style>\n\n<div id=\"career-contact\" class=\"bg-green text-center\">\n    <div class=\"row d-flex align-items-center\">\n        <div class=\"col-md-6 col-lg-6 contact-descr\">\n            <label>Kas tekkis k\u00fcsimusi?<\/label><br>\n            V\u00f5ta julgelt \u00fchendust Balti Spooni personaliosakonnaga.        <\/div>\n        <div class=\"col-md col-lg contact-img\">\n            <img decoding=\"async\" src=\"\">\n        <\/div>\n        <div class=\"col-md col-lg contact-info\">\n            <p class=\"name\"><\/p>\n            <p class=\"position\"><\/p>\n            <p class=\"phone\">+372 6712 476<\/p>\n            <p class=\"email\"><a href=\"mailto:personal@baltispoon.ee\">personal@baltispoon.ee<\/a><\/p>\n        <\/div>\n    <\/div>\n<\/div>","protected":false},"excerpt":{"rendered":"","protected":false},"author":7,"featured_media":0,"parent":5097,"menu_order":0,"comment_status":"closed","ping_status":"closed","template":"","meta":{"_monsterinsights_skip_tracking":false,"_monsterinsights_sitenote_active":false,"_monsterinsights_sitenote_note":"","_monsterinsights_sitenote_category":0,"footnotes":""},"class_list":["post-8155","page","type-page","status-publish","hentry"],"_links":{"self":[{"href":"https:\/\/www.baltispoon.ee\/et\/wp-json\/wp\/v2\/pages\/8155","targetHints":{"allow":["GET"]}}],"collection":[{"href":"https:\/\/www.baltispoon.ee\/et\/wp-json\/wp\/v2\/pages"}],"about":[{"href":"https:\/\/www.baltispoon.ee\/et\/wp-json\/wp\/v2\/types\/page"}],"author":[{"embeddable":true,"href":"https:\/\/www.baltispoon.ee\/et\/wp-json\/wp\/v2\/users\/7"}],"replies":[{"embeddable":true,"href":"https:\/\/www.baltispoon.ee\/et\/wp-json\/wp\/v2\/comments?post=8155"}],"version-history":[{"count":6,"href":"https:\/\/www.baltispoon.ee\/et\/wp-json\/wp\/v2\/pages\/8155\/revisions"}],"predecessor-version":[{"id":8779,"href":"https:\/\/www.baltispoon.ee\/et\/wp-json\/wp\/v2\/pages\/8155\/revisions\/8779"}],"up":[{"embeddable":true,"href":"https:\/\/www.baltispoon.ee\/et\/wp-json\/wp\/v2\/pages\/5097"}],"wp:attachment":[{"href":"https:\/\/www.baltispoon.ee\/et\/wp-json\/wp\/v2\/media?parent=8155"}],"curies":[{"name":"wp","href":"https:\/\/api.w.org\/{rel}","templated":true}]}}