{"id":776,"date":"2012-11-08T11:41:19","date_gmt":"2012-11-08T09:41:19","guid":{"rendered":"http:\/\/baltispoon.ee\/?page_id=776"},"modified":"2025-08-12T11:10:37","modified_gmt":"2025-08-12T08:10:37","slug":"tootmine","status":"publish","type":"page","link":"https:\/\/www.baltispoon.ee\/et\/kontakt\/eesti\/tootmine\/","title":{"rendered":"Tootmine"},"content":{"rendered":"<h2>Tootmine<\/h2>\n<table class=\"block-people\" style=\"width: 100%;\" cellspacing=\"0\" cellpadding=\"0\">\n<tbody>\n<tr>\n<td class=\"col-1\" valign=\"top\"><img loading=\"lazy\" decoding=\"async\" src=\"https:\/\/www.baltispoon.ee\/wp-content\/uploads\/2025\/08\/White.jpg\" alt=\"\" width=\"210\" height=\"210\" \/><\/p>\n<div class=\"languages\">\n<p>keeled:<\/p>\n<p class=\"langs\">Est, ENG, RUS<\/p>\n<\/div>\n<\/td>\n<td width=\"30\"><\/td>\n<td class=\"col-2\" valign=\"top\">\n<h3>Kaupo Krull<\/h3>\n<p class=\"occupation\">Tootmisjuht (trei- ja h\u00f6\u00f6velspoon)<\/p>\n<p>Tel: +372 6712 450<\/p>\n<p>e-mail: <a href=\"mailto:kaupo@baltispoon.ee\">kaupo@baltispoon.ee<\/a><\/td>\n<\/tr>\n<\/tbody>\n<\/table>\n<table class=\"block-people\" style=\"width: 100%;\" cellspacing=\"0\" cellpadding=\"0\">\n<tbody>\n<tr>\n<td class=\"col-1\" valign=\"top\"><img loading=\"lazy\" decoding=\"async\" src=\"https:\/\/www.baltispoon.ee\/wp-content\/uploads\/2023\/08\/KaidoL-1.jpg\" alt=\"\" width=\"210\" height=\"210\" \/><\/p>\n<div class=\"languages\">\n<p>keeled:<\/p>\n<p class=\"langs\">Est, ENG, RUS<\/p>\n<\/div>\n<\/td>\n<td width=\"30\"><\/td>\n<td class=\"col-2\" valign=\"top\">\n<h3>Kaido Laidvee<\/h3>\n<p class=\"occupation\">Tootmisjuht (spoonis\u00e4rgid)<\/p>\n<p>Tel: +372 6712 496<\/p>\n<p>Mob: +372 56 808 866<\/p>\n<p>e-mail: <a href=\"mailto:klaidvee@baltispoon.ee\">klaidvee@baltispoon.ee<\/a><\/td>\n<\/tr>\n<\/tbody>\n<\/table>\n","protected":false},"excerpt":{"rendered":"<p>Tootmine keeled: Est, ENG, RUS Kaupo Krull Tootmisjuht (trei- ja h\u00f6\u00f6velspoon) Tel: +372 6712 450 e-mail: kaupo@baltispoon.ee keeled: Est, ENG, RUS Kaido Laidvee Tootmisjuht (spoonis\u00e4rgid) Tel: +372 6712 496 Mob: +372 56 808 866 e-mail: klaidvee@baltispoon.ee<\/p>\n","protected":false},"author":2,"featured_media":0,"parent":766,"menu_order":0,"comment_status":"closed","ping_status":"closed","template":"","meta":{"_monsterinsights_skip_tracking":false,"_monsterinsights_sitenote_active":false,"_monsterinsights_sitenote_note":"","_monsterinsights_sitenote_category":0,"footnotes":""},"class_list":["post-776","page","type-page","status-publish","hentry"],"_links":{"self":[{"href":"https:\/\/www.baltispoon.ee\/et\/wp-json\/wp\/v2\/pages\/776","targetHints":{"allow":["GET"]}}],"collection":[{"href":"https:\/\/www.baltispoon.ee\/et\/wp-json\/wp\/v2\/pages"}],"about":[{"href":"https:\/\/www.baltispoon.ee\/et\/wp-json\/wp\/v2\/types\/page"}],"author":[{"embeddable":true,"href":"https:\/\/www.baltispoon.ee\/et\/wp-json\/wp\/v2\/users\/2"}],"replies":[{"embeddable":true,"href":"https:\/\/www.baltispoon.ee\/et\/wp-json\/wp\/v2\/comments?post=776"}],"version-history":[{"count":28,"href":"https:\/\/www.baltispoon.ee\/et\/wp-json\/wp\/v2\/pages\/776\/revisions"}],"predecessor-version":[{"id":8877,"href":"https:\/\/www.baltispoon.ee\/et\/wp-json\/wp\/v2\/pages\/776\/revisions\/8877"}],"up":[{"embeddable":true,"href":"https:\/\/www.baltispoon.ee\/et\/wp-json\/wp\/v2\/pages\/766"}],"wp:attachment":[{"href":"https:\/\/www.baltispoon.ee\/et\/wp-json\/wp\/v2\/media?parent=776"}],"curies":[{"name":"wp","href":"https:\/\/api.w.org\/{rel}","templated":true}]}}