{"id":758,"date":"2012-11-08T11:30:10","date_gmt":"2012-11-08T09:30:10","guid":{"rendered":"http:\/\/baltispoon.ee\/?page_id=758"},"modified":"2025-08-15T14:25:17","modified_gmt":"2025-08-15T11:25:17","slug":"tookohad","status":"publish","type":"page","link":"https:\/\/www.baltispoon.ee\/et\/tookohad\/","title":{"rendered":"Karj\u00e4\u00e4r"},"content":{"rendered":"<div class=\"mobile-content-padding careers-text row\">\n    <div class=\"careers-text-left text-right col-lg-6 col-md-6\">\n        <iframe loading=\"lazy\" title=\"Balti  Spoon Maaelu saates\" width=\"600\" height=\"337\" src=\"https:\/\/www.youtube.com\/embed\/HRPM9INMmBY?feature=oembed\" frameborder=\"0\" allow=\"accelerometer; autoplay; clipboard-write; encrypted-media; gyroscope; picture-in-picture\" allowfullscreen=\"\"><\/iframe>\n        <!-- http:\/\/www.youtube.com\/watch?v=RFtWH1v9TRo -->\n    <\/div>\n    <div class=\"careers-text-right col-lg-6 col-md-6\">\n        <label>Sind ootab <label class=\"underlined\">stabiilne<\/label> t\u00f6\u00f6koht edukas ettev\u00f5ttes!<\/label>\n        <p style=\"text-align: justify;\"><p>V\u00f5imalus on asuda t\u00f6\u00f6le ettev\u00f5ttes, kus v\u00e4\u00e4rtustatakse ausaid t\u00f6\u00f6suhteid, hoolitsetakse puhta ja ohutu t\u00f6\u00f6keskkonna ning looduss\u00f5braliku tootmisprotsessi eest. Meie edu p\u00f5hineb heal meeskonnat\u00f6\u00f6l, k\u00f5rgel t\u00f6\u00f6distsipliinil ja valmisolekul kiirelt muutustega kohaneda.<br><br \/><br \/>\nBalti Spoonis on kokku ligi 80 erinevat t\u00f6\u00f6kohta. Nende hulgas on tootmist\u00f6\u00f6tajad, abit\u00f6\u00f6lised, t\u00f5stukijuhid, mehhanikud, masina operaatorid, laot\u00f6\u00f6lised, kontorit\u00f6\u00f6tajad ja palju teisi ameteid. Meie kollektiivi on oodatud aktiivsed, uute oskuste omandamisest huvitatud, korrektsed ja kohusetundlikud t\u00f6\u00f6tajad. Puidut\u00f6\u00f6tlemisalane ettevalmistus tuleb kindlasti kasuks, kuid ei ole h\u00e4davajalik. P\u00f5hjalik t\u00f6\u00f6ks vajalik v\u00e4lja\u00f5pe viiakse l\u00e4bi meie oma tehases kogenud t\u00f6\u00f6tajate juhendamisel.<\/p><br \/>\n<\/p>\n        \n    <\/div>\n<\/div>\n\n<div id=\"subnav\">\n<ul class=\"sub-menu\">\n\t<li class=\"menu-item menu-item-type-post_type menu-item-object-page menu-item-824\"><a href=\"javascript:void(0)\" class=\"careers-scrollto\" data-scroll=\"tookohad\">Vabad t\u00f6\u00f6kohad<\/a><\/li>\n \t<li class=\"menu-item menu-item-type-post_type menu-item-object-page menu-item-824\"><a href=\"javascript:void(0)\" class=\"careers-scrollto\" data-scroll=\"midaPakkume\">Mida pakume<\/a><\/li>\n \t<li class=\"menu-item menu-item-type-post_type menu-item-object-page menu-item-830\"><a href=\"javascript:void(0)\" class=\"careers-scrollto\" data-scroll=\"kuidasKandideerida\">Kuidas kandideerida<\/a><\/li>\n<\/ul>\n<\/div>\n\n<div id=\"midaPakkume\" class=\"text-center\">\n    <label class=\"underlined text-center\">Mida pakume<\/label>\n\n    <div class=\"offers-list\">\n        <div class=\"row\">\n            <div class=\"col-md-4 col-lg-4\">\n                <p class=\"offers-list-1\">Stabiilsus<\/p>\n                <p class=\"offers-list-2\">Kindlustunne<\/p>\n            <\/div>\n            <div class=\"col-md-5 col-lg-5\">\n                <p class=\"offers-list-3\">Kriiside vastane immuunsus<\/p>\n                <p class=\"offers-list-4\">Meeskonnat\u00f6\u00f6<\/p>\n                <p class=\"offers-list-5\">Toredad kolleegid<\/p>\n            <\/div>\n            <div class=\"col-md-3 col-lg-3\">\n                <p class=\"offers-list-6\">Puhtus<\/p>\n                <p class=\"offers-list-7\">Kord<\/p>\n            <\/div>\n        <\/div>\n    <\/div>\n    <div class=\"mobile-content-padding offers-text\">\n        neid s\u00f5nu kasutavad meie t\u00f6\u00f6tajad Balti Spooni kirjeldamiseks. Pakume oma inimestele mitmeid h\u00fcvesid ja soodustusi, m\u00e4rkame olulisi s\u00fcndmusi ja panustame oma t\u00f6\u00f6tajatesse.<\/div>\n    <div class=\"mobile-content-padding offers-dropdown\">\n        <label>Me <span class=\"green\">hoolime<\/span><\/label>\n        <ul style=\"display:none\">\n            <li>Kindlustunne p\u00fcsiva t\u00f6\u00f6koha n\u00e4ol, seaduslikud t\u00f6\u00f6suhted<\/li>\n            <li>Palk ja muud tasud laekuvad alati \u00f5igel p\u00e4eval kontole<\/li>\n            <li>Tasuta transport Tapa, Loksa, Kuusalu, Kiiu, Valkla ja Lasnam\u00e4e suunalt<\/li>\n            <li>Soe l\u00f5unasupp t\u00f6\u00f6andja poolt<\/li>\n            <li>Kollektiivpuhkus suvel ja aastavahetusel<\/li>\n            <li>Meil on 8-tunnised vahetused ja enamasti n\u00e4dalavahetused vabad<\/li>\n            <li>Anname t\u00f6\u00f6tajatele kvaliteetsed ja sertifitseeritud isikukaitsevahendeid<\/li>\n        <\/ul>\n    <\/div>\n    <div class=\"mobile-content-padding offers-dropdown\">\n        <label>Me <span class=\"green\">m\u00e4rkame<\/span><\/label>\n        <ul style=\"display:none\">\n            <li>T\u00e4histame t\u00f6\u00f6tajate s\u00fcnnip\u00e4evi<\/li>\n            <li>Kingitus ja preemia t\u00f6\u00f6juubeli puhul<\/li>\n            <li>J\u00f5ulukingitused k\u00f5ikidele t\u00f6\u00f6tajatele<\/li>\n            <li>J\u00f5ulukingitused lastele kuni 14 aastat<\/li>\n            <li>Emale v\u00f5i isale kingitus lapse s\u00fcnni puhul<\/li>\n            <li>Koolimineva lapse kingitus<\/li>\n            <li>L\u00e4hedase surma korral matusetoetus<\/li>\n        <\/ul>\n    <\/div>\n    <div class=\"mobile-content-padding offers-dropdown\">\n        <label>Me <span class=\"green\">panustame<\/span><\/label>\n        <ul style=\"display:none\">\n            <li>Boonus h\u00e4sti tehtud t\u00f6\u00f6 eest<\/li>\n            <li>Uue t\u00f6\u00f6taja v\u00e4lja\u00f5pe kohapeal, majasisesed v\u00f5imalused \u00f5ppida erinevaid t\u00f6id<\/li>\n            <li>Regulaarne t\u00f6\u00f6tervishoiu arsti kontroll<\/li>\n            <li>S\u00f5ltuvalt ametikohast anname Sulle t\u00f6\u00f6riided ja t\u00f6\u00f6jalatsid<\/li>\n            <li>Kaasaegsed ja puhtad t\u00f6\u00f6ruumid<\/li>\n            <li>Suvep\u00e4evad<\/li>\n            <li>Keskkonnas\u00f5bralik ja vastutustundlik tootmine<\/li>\n        <\/ul>\n    <\/div>\n\n\n<\/div>\n\n<div id=\"tookohad\" class=\"bg-grey text-center\">\n    <label class=\"underlined text-center\">Vabad t\u00f6\u00f6kohad<\/label>\n    <p>\n        \n        <div class=\"vacancies row\">\n                        <div class=\"vacancy col-lg-3 col-md-4\">\n                    <img decoding=\"async\" src=\"https:\/\/www.baltispoon.ee\/wp-content\/uploads\/2025\/02\/Mehaanik3-2.jpg\">                  <!--  <div class=\"published\"> FEB 07, 2025<\/div>  -->\n                    <h3>Mehaanik-keevitaja<\/h3>\n                    <div class=\"short-description\"><\/div>\n                    <div><a href=\"https:\/\/www.baltispoon.ee\/et\/tookohad\/toopakkumised\/mehaanik-keevitaja\/\" title=\"Mehaanik-keevitaja\">Loe lisa<\/a><\/div>\n                <\/div>\n                            <div class=\"vacancy col-lg-3 col-md-4\">\n                    <img decoding=\"async\" src=\"https:\/\/www.baltispoon.ee\/wp-content\/uploads\/2026\/03\/Mechatronics-engineering-careers-in-aerospace.jpg\">                  <!--  <div class=\"published\"> MAR 17, 2026<\/div>  -->\n                    <h3>Mehhatroonik<\/h3>\n                    <div class=\"short-description\"><\/div>\n                    <div><a href=\"https:\/\/www.baltispoon.ee\/et\/tookohad\/toopakkumised\/mehhatroonik\/\" title=\"Mehhatroonik\">Loe lisa<\/a><\/div>\n                <\/div>\n                            <div class=\"vacancy col-lg-3 col-md-4\">\n                    <img decoding=\"async\" src=\"https:\/\/www.baltispoon.ee\/wp-content\/uploads\/2024\/07\/KatlamajaWeb.jpg\">                  <!--  <div class=\"published\"> JUL 03, 2024<\/div>  -->\n                    <h3>Katlaoperaator<\/h3>\n                    <div class=\"short-description\"><\/div>\n                    <div><a href=\"https:\/\/www.baltispoon.ee\/et\/tookohad\/toopakkumised\/katlaoperaator\/\" title=\"Katlaoperaator\">Loe lisa<\/a><\/div>\n                <\/div>\n                            <div class=\"vacancy col-lg-3 col-md-4\">\n                    <img decoding=\"async\" src=\"https:\/\/www.baltispoon.ee\/wp-content\/uploads\/2024\/01\/Mehaanik1.jpg\">                  <!--  <div class=\"published\"> JAN 24, 2024<\/div>  -->\n                    <h3>Mehaanik<\/h3>\n                    <div class=\"short-description\"><\/div>\n                    <div><a href=\"https:\/\/www.baltispoon.ee\/et\/tookohad\/toopakkumised\/mehaanik\/\" title=\"Mehaanik\">Loe lisa<\/a><\/div>\n                <\/div>\n                            <div class=\"vacancy col-lg-3 col-md-4\">\n                    <img decoding=\"async\" src=\"https:\/\/www.baltispoon.ee\/wp-content\/uploads\/2022\/04\/Pilt-1-1.jpg\">                  <!--  <div class=\"published\"> MAR 17, 2026<\/div>  -->\n                    <h3>Elektrik<\/h3>\n                    <div class=\"short-description\"><\/div>\n                    <div><a href=\"https:\/\/www.baltispoon.ee\/et\/tookohad\/toopakkumised\/elektrik\/\" title=\"Elektrik\">Loe lisa<\/a><\/div>\n                <\/div>\n                    <\/div>\n\n        <!-- <ul>\n            <li><a href=\"https:\/\/www.baltispoon.ee\/wp-content\/uploads\/2020\/03\/T\u00f5stukijuht-web-A4.pdf\">T\u00f5stukijuht<\/a><\/li>\n            <li><a href=\"https:\/\/www.baltispoon.ee\/wp-content\/uploads\/2020\/01\/Treispooni-operaator-webpage_20012020-1.pdf\">Masina operaator<\/a><\/li>\n        <\/ul> -->\n    <\/p>\n<\/div>\n\n<img decoding=\"async\" src=\"\/wp-content\/uploads\/2021\/10\/Clipp.jpg\" width=\"100%\">\n<div id=\"kuidasKandideerida\" class=\"text-center\">\n    <label class=\"underlined text-center\">Kuidas kandideerida<\/label>\n\n    <div class=\"subtext text-center\">Ootame kandideerima k\u00f5iki v\u00e4hemalt 18 aastaseid mehi ja naisi,<br>kes on Eesti kodanikud v\u00f5i kellel on pikaajaline elamisluba.<\/div>\n    <div class=\"row\">\n    <div class=\"col-lg-6 col-md-6\">\n        <div class=\"item\">\n            <div class=\"cnt\">01<\/div>\n            <div>Vaata milliseid vabu t\u00f6\u00f6kohti me parasjagu pakume, tutvu kuulutustega ning sobivusel kandideeri. Kui v\u00f5imalik, <a href=\"javascript:void(0)\" class=\"to-career-cv\">lisa siia oma CV<\/a>.<\/div>\n        <\/div>\n        <div class=\"item\">\n            <div class=\"cnt\">02<\/div>\n            <div>Kui Sa endale sobivat pakkumist ei leidnud, siis t\u00e4ida ankeet v\u00f5i saada meile oma andmed <a href=\"mailto:personal@baltispoon.ee\">personal@baltispoon.ee<\/a>, et saaksime ise Sinuga \u00fchendust v\u00f5tta.            <\/div>\n        <\/div>\n        <div class=\"item\">\n            <div class=\"cnt\">03<\/div>\n            <div>Vastame k\u00f5ikidele kandidaatidele <strong>paari t\u00f6\u00f6p\u00e4eva jooksul<\/strong> e-kirja v\u00f5i ankeedi laekumisest.<\/div>\n        <\/div>\n    <\/div>\n    <div class=\"col-lg-6 col-md-6\">\n        <div class=\"item\">\n            <div class=\"cnt\">04<\/div>\n            <div>Sobivad kandidaadid <strong>kutsume kohtumisele<\/strong>, et saada rohkem infot inimese kohta ja tutvustada omaltpoolt t\u00f6\u00f6d ja t\u00f6\u00f6tingimusi ning Balti Spooni tehast.<\/div>\n        <\/div>\n        <div class=\"item\">\n            <div class=\"cnt\">05<\/div>\n            <div>Kui Sina osutud sobivaks kandidaadiks ja tingimused on m\u00f5lemale poolele sobilikud, lepime kokku t\u00f6\u00f6le asumise ajas ja <strong>ootame Sind enda meeskonda!<\/strong><\/div>\n        <\/div>\n        <div class=\"item\">\n            <div class=\"cnt\">06<\/div>\n            <div>Juhul, kui sa ei osutunud valituks, siis <strong>julgustame Sind ikka j\u00e4lgima<\/strong> meie t\u00f6\u00f6kuulutusi ja kandideerima Sulle huvi pakkuvale positsioonile.<\/div>\n        <\/div>\n    <\/div>\n    <\/div>\n\n<\/div>\n\n<div id=\"career-cv\" class=\"bg-grey text-center\">\n    <label>Ei leidnud sobivat pakkumist?<\/label>\n    <div class=\"descr\">J\u00e4ta meile oma andmed, et saaksime sinuga \u00fchendust v\u00f5tta.<\/div>\n    \n<div class=\"wpcf7 no-js\" id=\"wpcf7-f4595-o1\" lang=\"en-US\" dir=\"ltr\" data-wpcf7-id=\"4595\">\n<div class=\"screen-reader-response\"><p role=\"status\" aria-live=\"polite\" aria-atomic=\"true\"><\/p> <ul><\/ul><\/div>\n<form action=\"\/et\/wp-json\/wp\/v2\/pages\/758#wpcf7-f4595-o1\" method=\"post\" class=\"wpcf7-form init\" aria-label=\"Contact form\" enctype=\"multipart\/form-data\" novalidate=\"novalidate\" data-status=\"init\">\n<fieldset class=\"hidden-fields-container\"><input type=\"hidden\" name=\"_wpcf7\" value=\"4595\" \/><input type=\"hidden\" name=\"_wpcf7_version\" value=\"6.1.2\" \/><input type=\"hidden\" name=\"_wpcf7_locale\" value=\"en_US\" \/><input type=\"hidden\" name=\"_wpcf7_unit_tag\" value=\"wpcf7-f4595-o1\" \/><input type=\"hidden\" name=\"_wpcf7_container_post\" value=\"0\" \/><input type=\"hidden\" name=\"_wpcf7_posted_data_hash\" value=\"\" \/><input type=\"hidden\" name=\"_wpcf7_recaptcha_response\" value=\"\" \/>\n<\/fieldset>\n<div class=\"wpcf7-response-output\" aria-hidden=\"true\"><\/div>\n<div class=\"row\">\n\t<div class=\"col-md-6 col-lg-6 text-left\">\n\t\t<div class=\"form-group\">\n\t\t\t<p><label>Ees- ja perekonnanimi <sup>*<\/sup><\/label><br \/>\n<span class=\"wpcf7-form-control-wrap\" data-name=\"fullname\"><input size=\"40\" maxlength=\"400\" class=\"wpcf7-form-control wpcf7-text wpcf7-validates-as-required\" aria-required=\"true\" aria-invalid=\"false\" value=\"\" type=\"text\" name=\"fullname\" \/><\/span>\n\t\t\t<\/p>\n\t\t<\/div>\n\t\t<div class=\"form-group\">\n\t\t\t<p><label>Telefon <sup>*<\/sup><\/label><br \/>\n<span class=\"wpcf7-form-control-wrap\" data-name=\"phone\"><input size=\"40\" maxlength=\"400\" class=\"wpcf7-form-control wpcf7-text wpcf7-validates-as-required\" aria-required=\"true\" aria-invalid=\"false\" value=\"\" type=\"text\" name=\"phone\" \/><\/span>\n\t\t\t<\/p>\n\t\t<\/div>\n\t\t<div class=\"form-group\">\n\t\t\t<p><label>E-post <sup>*<\/sup><\/label><br \/>\n<span class=\"wpcf7-form-control-wrap\" data-name=\"email\"><input size=\"40\" maxlength=\"400\" class=\"wpcf7-form-control wpcf7-text wpcf7-validates-as-required\" aria-required=\"true\" aria-invalid=\"false\" value=\"\" type=\"text\" name=\"email\" \/><\/span>\n\t\t\t<\/p>\n\t\t<\/div>\n\t\t<div class=\"form-group\">\n\t\t\t<p><label>Elukoht <sup>*<\/sup><\/label><br \/>\n<span class=\"wpcf7-form-control-wrap\" data-name=\"homeaddress\"><input size=\"40\" maxlength=\"400\" class=\"wpcf7-form-control wpcf7-text wpcf7-validates-as-required\" aria-required=\"true\" aria-invalid=\"false\" value=\"\" type=\"text\" name=\"homeaddress\" \/><\/span>\n\t\t\t<\/p>\n\t\t<\/div>\n\t<\/div>\n\t<div class=\"col-md-6 col-lg-6 text-left\">\n\t\t<div class=\"form-group\">\n\t\t\t<p><label>Soovin t\u00f6\u00f6d j\u00e4rgnevas valdkonnas <sup>*<\/sup><\/label><br \/>\n<span class=\"wpcf7-form-control-wrap\" data-name=\"valdkond\"><select class=\"wpcf7-form-control wpcf7-select wpcf7-validates-as-required\" aria-required=\"true\" aria-invalid=\"false\" name=\"valdkond\"><option value=\"\">&#8212;Please choose an option&#8212;<\/option><option value=\"Tootmist\u00f6\u00f6d\">Tootmist\u00f6\u00f6d<\/option><option value=\"Tehnika\">Tehnika<\/option><option value=\"T\u00f5stukijuht\/laaduri juht\">T\u00f5stukijuht\/laaduri juht<\/option><option value=\"Administratiivt\u00f6\u00f6\">Administratiivt\u00f6\u00f6<\/option><\/select><\/span>\n\t\t\t<\/p>\n\t\t<\/div>\n\t\t<div class=\"form-group\">\n\t\t\t<p><label>Fail\/CV<\/label><br \/>\n<span class=\"wpcf7-form-control-wrap\" data-name=\"cv\"><input size=\"40\" class=\"wpcf7-form-control wpcf7-file\" accept=\".doc,.docx,.pdf\" aria-invalid=\"false\" type=\"file\" name=\"cv\" \/><\/span>\n\t\t\t<\/p>\n\t\t<\/div>\n\t\t<div class=\"form-group\">\n\t\t\t<p><label>Lisainfo<\/label><br \/>\n<span class=\"wpcf7-form-control-wrap\" data-name=\"info3\"><textarea cols=\"40\" rows=\"10\" maxlength=\"2000\" class=\"wpcf7-form-control wpcf7-textarea\" aria-invalid=\"false\" name=\"info3\"><\/textarea><\/span>\n\t\t\t<\/p>\n\t\t<\/div>\n\t\t<div class=\"form-group\">\n\t\t\n\t\t<\/div>\n\t\t<div class=\"form-group text-right\">\n\t\t\t<p><input class=\"wpcf7-form-control wpcf7-submit has-spinner\" type=\"submit\" value=\"Saada enda andmed\" \/>\n\t\t\t<\/p>\n\t\t<\/div>\n\t<\/div>\n<\/div><p style=\"display: none !important;\" class=\"akismet-fields-container\" data-prefix=\"_wpcf7_ak_\"><label>&#916;<textarea name=\"_wpcf7_ak_hp_textarea\" cols=\"45\" rows=\"8\" maxlength=\"100\"><\/textarea><\/label><input type=\"hidden\" id=\"ak_js_1\" name=\"_wpcf7_ak_js\" value=\"250\"\/><script>document.getElementById( \"ak_js_1\" ).setAttribute( \"value\", ( new Date() ).getTime() );<\/script><\/p>\n<\/form>\n<\/div>\n\n<\/div>\n\n<div id=\"career-contact\" class=\"bg-green text-center\">\n    <div class=\"row d-flex align-items-center\">\n        <div class=\"col-md-6 col-lg-6 contact-descr\">\n            <label>Kas tekkis k\u00fcsimusi?<\/label><br>\n            V\u00f5ta julgelt \u00fchendust Balti Spooni personaliosakonnaga.        <\/div>\n        <div class=\"col-md col-lg contact-img\">\n            <img decoding=\"async\" src=\"\">\n        <\/div>\n        <div class=\"col-md col-lg contact-info\">\n            <p class=\"name\"><\/p>\n            <p class=\"position\"><\/p>\n            <p class=\"phone\">+372 6712 476<\/p>\n            <p class=\"email\"><a href=\"mailto:personal@baltispoon.ee\">personal@baltispoon.ee<\/a><\/p>\n        <\/div>\n    <\/div>\n<\/div>\n\n\n\n\n<!-- Footer -->\n<footer class=\"text-center text-lg-start\">\n\n  <!-- Section: Links  -->\n  <section class=\"\">\n    <div class=\"container text-center text-md-start mt-5\">\n      <!-- Grid row -->\n      <div class=\"row mt-3\">\n        <!-- Grid column -->\n        <div class=\"col-md-5 col-lg-5 col-xl-5 mb-4 footer-left-text\">\n          <a href=\"https:\/\/www.baltispoon.ee\/et\/\" title=\"M\u00f6hring\" rel=\"home\" class=\"logo\"><img decoding=\"async\" width=\"112\" src=\"https:\/\/www.baltispoon.ee\/wp-content\/themes\/mohring\/gfx\/new\/logo-footer-1.jpg\" alt=\"M\u00f6hring\" \/><\/a>\n          <p class=\"mt-2\">\n            Balti Spoon j\u00e4tkab iidset spooni- tootmise traditsiooni, kasutades t\u00e4nap\u00e4evast moodsat tehnoloogiat ja k\u00f5ige kvaliteetsemat saadaolevat toormaterjali.          <\/p>\n          <div class=\"mt-4\">\n            <a href=\"https:\/\/www.youtube.com\/channel\/UCw8w20CgOiRGndGeyGdCFqg\" target=\"_blank\" class=\"mr-4\"><img decoding=\"async\" src=\"https:\/\/www.baltispoon.ee\/wp-content\/themes\/mohring\/gfx\/new\/yt-logo.jpg?v=3\" width=\"40\" \/><\/a>\n            <a href=\"https:\/\/www.facebook.com\/BaltiSpoon\/\" target=\"_blank\"><img decoding=\"async\" src=\"https:\/\/www.baltispoon.ee\/wp-content\/themes\/mohring\/gfx\/new\/fb-logo.jpg?v=3\" width=\"24\" \/><\/a>\n          <\/div>\n        <\/div>\n        <!-- Grid column -->\n\n        <!-- Grid column -->\n        <div class=\"col-md-2 col-lg-2 col-xl-2 mx-auto mb-4\">\n\t\t\t<ul id=\"menu-english-menu\" class=\"navbar-nav ml-auto\"><li id=\"menu-item-47\" class=\"menu-item menu-item-type-custom menu-item-object-custom menu-item-47 footer-nav-item\"><a href=\"\/about-us\">About Us<\/a><\/li>\n<li id=\"menu-item-29\" class=\"menu-item menu-item-type-post_type menu-item-object-page menu-item-29 footer-nav-item\"><a href=\"https:\/\/www.baltispoon.ee\/products\/\">Products<\/a><\/li>\n<li id=\"menu-item-25\" class=\"menu-item menu-item-type-post_type menu-item-object-page menu-item-25 footer-nav-item\"><a href=\"https:\/\/www.baltispoon.ee\/career\/\">Career<\/a><\/li>\n<li id=\"menu-item-2567\" class=\"menu-item menu-item-type-post_type menu-item-object-page menu-item-2567 footer-nav-item\"><a href=\"https:\/\/www.baltispoon.ee\/contacts\/estonia\/\">Contacts<\/a><\/li>\n<\/ul>        <\/div>\n        <!-- Grid column -->\n\n        <!-- Grid column -->\n        <div class=\"col-md-4 col-lg-4 col-xl-4 mx-auto mb-md-0 mb-4 footer-right-text\">\n          <!-- Links -->\n          <p style=\"padding-top:16px;\"><p>Kupu k\u00fcla, Kuusalu vald, 74610,<br \/>\nHarjumaa, Eesti<\/p>\n<\/p>\n          <p style=\"padding-top:5px;\">\n            <a href=\"mailto:info@baltispoon.ee\">info@baltispoon.ee<\/a>\n          <\/p>\n          <p style=\"padding-top:5px;\">\u00a9 2021 Balti Spoon<\/p>\n        <\/div>\n\n        <div class=\"col-md-1 col-lg-1 col-xl-1 mx-auto mb-md-0 mb-4 footer-right-text\">\n          <a href=\"https:\/\/www.furnier.de\/\" target=\"_blank\"><img decoding=\"async\" src=\"https:\/\/www.baltispoon.ee\/wp-content\/themes\/mohring\/gfx\/new\/ifn-logo.jpg?v=3\" width=\"96\" \/><\/a>\n        <\/div>\n        <!-- Grid column -->\n      <\/div>\n      <!-- Grid row -->\n    <\/div>\n  <\/section>\n  <!-- Section: Links  -->\n    <div class=\"text-center p-4 footer-bottom\">\n      <a class=\"text-reset mr-md-4\" href=\"https:\/\/www.baltispoon.ee\/et\/reporting-a-workplace-violation\">T\u00f6\u00f6alasest rikkumisest teavitamine<\/a>\n            <a class=\"text-reset mr-md-4\" href=\"https:\/\/www.baltispoon.ee\/et\/privacy-policy\">Privaatsuspoliitika<\/a>\n            <a class=\"text-reset mr-md-4\" href=\"https:\/\/www.baltispoon.ee\/et\/cookie-policy\"><\/a>\n      <!--\n            <a class=\"text-reset\" href=\"https:\/\/www.baltispoon.ee\/et\/terms-of-use\">Kasutustingimused<\/a>\n      -->\n    <\/div>\n\n  <a class=\"scroll-top\" href=\"javascript:void(0)\" onclick=\"$('html, body').animate({scrollTop: 0}, 2000);\"><img decoding=\"async\" src=\"https:\/\/www.baltispoon.ee\/wp-content\/themes\/mohring\/gfx\/new\/icon-arrow-top.svg\"><\/a>\n<\/footer>\n<!-- Footer -->\n\n\n","protected":false},"excerpt":{"rendered":"","protected":false},"author":2,"featured_media":0,"parent":0,"menu_order":0,"comment_status":"closed","ping_status":"closed","template":"page-careers.php","meta":{"_monsterinsights_skip_tracking":false,"_monsterinsights_sitenote_active":false,"_monsterinsights_sitenote_note":"","_monsterinsights_sitenote_category":0,"footnotes":""},"class_list":["post-758","page","type-page","status-publish","hentry"],"_links":{"self":[{"href":"https:\/\/www.baltispoon.ee\/et\/wp-json\/wp\/v2\/pages\/758","targetHints":{"allow":["GET"]}}],"collection":[{"href":"https:\/\/www.baltispoon.ee\/et\/wp-json\/wp\/v2\/pages"}],"about":[{"href":"https:\/\/www.baltispoon.ee\/et\/wp-json\/wp\/v2\/types\/page"}],"author":[{"embeddable":true,"href":"https:\/\/www.baltispoon.ee\/et\/wp-json\/wp\/v2\/users\/2"}],"replies":[{"embeddable":true,"href":"https:\/\/www.baltispoon.ee\/et\/wp-json\/wp\/v2\/comments?post=758"}],"version-history":[{"count":117,"href":"https:\/\/www.baltispoon.ee\/et\/wp-json\/wp\/v2\/pages\/758\/revisions"}],"predecessor-version":[{"id":8915,"href":"https:\/\/www.baltispoon.ee\/et\/wp-json\/wp\/v2\/pages\/758\/revisions\/8915"}],"wp:attachment":[{"href":"https:\/\/www.baltispoon.ee\/et\/wp-json\/wp\/v2\/media?parent=758"}],"curies":[{"name":"wp","href":"https:\/\/api.w.org\/{rel}","templated":true}]}}