{"id":743,"date":"2012-11-08T08:55:16","date_gmt":"2012-11-08T06:55:16","guid":{"rendered":"http:\/\/baltispoon.ee\/?page_id=743"},"modified":"2025-10-16T09:08:45","modified_gmt":"2025-10-16T06:08:45","slug":"meist","status":"publish","type":"page","link":"https:\/\/www.baltispoon.ee\/et\/meist\/","title":{"rendered":"Meist"},"content":{"rendered":"<div class=\"mobile-content-padding about-title\" style=\"background: url('\/wp-content\/uploads\/2021\/10\/MeistBS.jpg') #ccc no-repeat; background-size: 100% 100%;\">\n    Meist<\/div>\n<div class=\"mobile-content-padding about-text\">\n    <p>Balti Spoon on puidut\u00f6\u00f6stus, mis toodab kauni v\u00e4rvi ja mustriga naturaalseid puiduspoone.  Meie spooniga kaetud dekoratiivsed m\u00f6\u00f6bliesemed, p\u00f5randad v\u00f5i seinad kaunistavad paljusid kodusid, kontoreid, koole ja kontserdisaale.<\/p><br \/>\n<p>Balti Spoon on Eesti <strong>turuliider<\/strong> dekoratiivspoonide tootmisel, kuulume oma tootmismahult ja kvaliteedilt maailma tippude hulka. Meil on head teadmised, pidevalt arenev tehnoloogia ja aastak\u00fcmnete pikkused kogemused.<\/p><br \/>\n<p>Meie <strong>partneriteks<\/strong> on m\u00f6\u00f6blifirmad, paneeli-, ukse ja p\u00f5randatootjad, erinevate valdkondade edasim\u00fc\u00fcjad ja esindajad. Tarnime toodangut klientidele rohkem kui 40 riigis \u00fcle maailma. Pakume parimat kvaliteeti ja paindlikke lahendusi koost\u00f6\u00f6s M\u00f6hring Grupi Poolas ja P\u00f5hja-Ameerikas asuvate spoonitehastega.<\/p><br \/>\n<p>Balti Spoonis t\u00f6\u00f6tab ligikaudu <strong>300 t\u00f6\u00f6tajat<\/strong>, kellest paljud on v\u00e4ga pikajalise kogemusega spoonitootmise eksperdid. Meie meeskond on rahvusvaheline, v\u00e4\u00e4rtustame turvalist t\u00f6\u00f6keskkonda ja ausaid t\u00f6\u00f6suhteid.<\/p><br \/>\n<p>Oleme <strong>vastutustundlik ettev\u00f5te<\/strong>, kes s\u00e4\u00e4stab keskkonda nii palju kui v\u00f5imalik \u2013 tootmises ei kasutata kemikaale, taaskasutame k\u00f5ik oma tootmisj\u00e4\u00e4tmed ja kasutame tootmisprotsessis k\u00f5iki k\u00f5rvaltooteid. <\/p><br \/>\n<\/div>\n\n<p style=\"text-align: center;\"><style>\n.read-more {\n  text-decoration: none;\n  color: black;\n  border-bottom: none;\n}\n.read-more:hover {\n  border-bottom: 10px solid #D9EAC0;\n}\n<\/style> <a class=\"read-more\" href=\"https:\/\/www.baltispoon.ee\/et\/projektid\/\">Projektid<\/a><\/p>\n\n\n<div class=\"wp-block-columns is-layout-flex wp-container-core-columns-is-layout-9d6595d7 wp-block-columns-is-layout-flex\">\n<div class=\"wp-block-column is-layout-flow wp-block-column-is-layout-flow\" style=\"flex-basis:25%\"><\/div>\n\n\n\n<div class=\"wp-block-column is-layout-flow wp-block-column-is-layout-flow\" style=\"flex-basis:50%\">\n<figure class=\"wp-block-video aligncenter\"><video controls src=\"https:\/\/www.baltispoon.ee\/wp-content\/uploads\/2023\/08\/Mohring-Balti-Spoon.mp4\"><\/video><\/figure>\n<\/div>\n\n\n\n<div class=\"wp-block-column is-layout-flow wp-block-column-is-layout-flow\" style=\"flex-basis:25%\"><\/div>\n<\/div>\n\n\n<div class=\"mobile-content-padding about-facts row\">\n    <div class=\"col-md-4 col-lg-4 col-xl-4\"><label>40 riiki \u00fcle maailma<\/label>Ekspordime spooni klientidele Euroopas, Aasias, P\u00f5hja-Ameerikas, Araabia riikides ja Austraalias. V\u00e4ike osa toodangust j\u00e4\u00e4b ka Eestisse.<p><\/p>\n    <\/div>\n    <div class=\"col-md-4 col-lg-4 col-xl-4\"><label>300 t\u00f6\u00f6tajat<\/label>Spoonilehed on v\u00e4ga \u00f5hukesed ja kergelt pragunevad, seet\u00f5ttu on tehases pikaajalist v\u00e4lja\u00f5pet eeldavate spetsialisti t\u00f6\u00f6dele lisaks ka p\u00e4ris palju k\u00e4sit\u00f6\u00f6mahukaid abit\u00f6id.<p><\/p>\n    <\/div>\n    <div class=\"col-md-4 col-lg-4 col-xl-4\"><label>25 000 m\u00b2 tootmis- ja laopinda<\/label>Alates tootmisega alustamisest 1998. Aastal, on meie tehas pidevalt laienenud ja arenenud. Balti Spooni t\u00f6\u00f6keskkond on soe, valgusk\u00fcllane ja puhas.<p><\/p>\n    <\/div>\n<\/div>\n\n\n<div class=\"wp-block-columns is-layout-flex wp-container-core-columns-is-layout-9d6595d7 wp-block-columns-is-layout-flex\">\n<div class=\"wp-block-column is-layout-flow wp-block-column-is-layout-flow\" style=\"flex-basis:25%\"><\/div>\n\n\n\n<div class=\"wp-block-column is-layout-flow wp-block-column-is-layout-flow\" style=\"flex-basis:50%\">\n<figure class=\"wp-block-video\"><video controls src=\"https:\/\/www.baltispoon.ee\/wp-content\/uploads\/2024\/01\/BALTI_SPOON_4K.mp4\"><\/video><\/figure>\n<\/div>\n\n\n\n<div class=\"wp-block-column is-layout-flow wp-block-column-is-layout-flow\" style=\"flex-basis:25%\"><\/div>\n<\/div>\n\n\n<div class=\"mobile-content-padding about-group\">\n    <div class=\"row\" style=\"margin-bottom: 66px;\">\n        <div class=\"about-group-col col-md-6 col-lg-6 col-xl-6 first\">\n            <img decoding=\"async\" src=\"\/wp-content\/uploads\/2021\/10\/MGWeb.jpg\" width=\"100%\">\n        <\/div>\n        <div class=\"about-group-col col-md-6 col-lg-6 col-xl-6\" style=\"z-index: 100;\">\n            <label>M\u00f6hring Group<\/label><p><\/p>\n            <div>\n                <p>M\u00f6hring Gruppi kuuluvad emaettev\u00f5ttena <a href=\"http:\/\/www.moehring-group.com\/en\/ \"target=\"_blank\" rel=\"noopener noreferrer\"><strong>Atlantic Veneer Company LLC<\/strong><\/a>  (USA), <a href=\"http:\/\/www.veneertech.com\/ \"target=\"_blank\" rel=\"noopener noreferrer\"><strong>Veneer Tech<\/strong><\/a>  (USA) ning t\u00fctarettev\u00f5tetena <a href=\"https:\/\/www.lubelskifornir.pl\/en\/home\/\" target=\"_blank\" rel=\"noopener noreferrer\"><strong>Lubelski Fornir Sp. z o.o.<\/strong><\/a>  (Poola) ja  <a href=\"https:\/\/www.baltrec.de\" target=\"_blank\" rel=\"noopener noreferrer\"><strong>Baltrec GmbH<\/strong><\/a> (Saksamaa).<\/p>\n                <div class=\"mt-4\">\n                    <a href=\"http:\/\/www.moehring-group.com\/en\/\" target=\"_blank\" class=\"read-more outlined with-arrow bg-transparent\">M\u00f6hring Grupp koduleht<\/a>\n                <\/div>\n            <\/div>\n        <\/div>\n    <\/div>\n    <div class=\"row\">\n        <div class=\"about-group-col col-md-6 col-lg-6 col-xl-6 order-md-1 order-2\">\n            <p><p>Karl Heinz M\u00f6hring, kaasaegse spooni\u00e4ri teerajaja ja M\u00f6hring Groupi asutaja, rajas Balti Spooni tehase 1993. aastal Kuusallu, 40 kilomeetri kaugusele Tallinnast.<\/p><br \/>\n<p>Aastal 1947 alustas M\u00f6hring oma spooni\u00e4riga Hamburgis Saksamaal ja seej\u00e4rel ehitas 1952. aastal spoonivabriku Lemgosse, mis on Saksa m\u00f6\u00f6blitootmise keskus. J\u00e4rgnevate aastak\u00fcmnete jooksul rajas ja juhtis ta firmasid Saksamaal, Kanadas, Libeerias, Brasiilias, USAs, Eestis ja Venemaal.<\/p><br \/>\n<p>T\u00e4na v\u00f5imaldavad M\u00f6hring Grupi ettev\u00f5tete asukohad varuda parimat toorainet ja pakkuda klientidele \u00fchelt partnerilt suurt valikut Euroopa ja Ameerika puuliikide spooni. <\/p><br \/>\n<p>M\u00f6hring Grupp on t\u00e4naseni pereettev\u00f5tte, mida juhivad Karl Heinz M\u00f6hringu j\u00e4reltulijad.<\/p><br \/>\n<\/p>\n        <\/div>\n        <div class=\"about-group-col col-md-6 col-lg-6 col-xl-6 last order-md-2 order-1\">\n            <img decoding=\"async\" src=\"\/wp-content\/uploads\/2021\/10\/Karl.jpg\" width=\"100%\">\n        <\/div>\n    <\/div>\n<\/div>\n\n<div>\n    <div class=\"home-contact row\">\n        <div class=\"col-md-6 col-lg-6 col-xl-6 about-contact-text\">\n            <label>V\u00f5tke meiega \u00fchendust<\/label>\n            <p>&nbsp;<\/p>\n            <div class=\"label-subtext\">Vastame meeleldi k\u00f5igile tekkinud k\u00fcsimustele.<\/div>\n            <div class=\"phone-text icon-text\">+372 6712 450<\/div>\n            <div class=\"email-text icon-text\"><a href=\"mailto:info@baltispoon.ee\">info@baltispoon.ee<\/a><\/div>\n            <div class=\"place-text icon-text\"><p>Kupu k\u00fcla, Kuusalu vald 74610<br \/><br \/>\nHarjumaa, Eesti<\/p><br \/>\n<\/div>\n        <\/div>\n        <div class=\"col-md-6 col-lg-6 col-xl-6 about-contact-form\">\n<div class=\"wpcf7 no-js\" id=\"wpcf7-f1252-o1\" lang=\"en-US\" dir=\"ltr\" data-wpcf7-id=\"1252\">\n<div class=\"screen-reader-response\"><p role=\"status\" aria-live=\"polite\" aria-atomic=\"true\"><\/p> <ul><\/ul><\/div>\n<form action=\"\/et\/wp-json\/wp\/v2\/pages\/743#wpcf7-f1252-o1\" method=\"post\" class=\"wpcf7-form init\" aria-label=\"Contact form\" novalidate=\"novalidate\" data-status=\"init\">\n<fieldset class=\"hidden-fields-container\"><input type=\"hidden\" name=\"_wpcf7\" value=\"1252\" \/><input type=\"hidden\" name=\"_wpcf7_version\" value=\"6.1.2\" \/><input type=\"hidden\" name=\"_wpcf7_locale\" value=\"en_US\" \/><input type=\"hidden\" name=\"_wpcf7_unit_tag\" value=\"wpcf7-f1252-o1\" \/><input type=\"hidden\" name=\"_wpcf7_container_post\" value=\"0\" \/><input type=\"hidden\" name=\"_wpcf7_posted_data_hash\" value=\"\" \/><input type=\"hidden\" name=\"_wpcf7_recaptcha_response\" value=\"\" \/>\n<\/fieldset>\n<div class=\"wpcf7-response-output\" aria-hidden=\"true\"><\/div>\n<div class=\"form-group\">\n\t<p><label>Teie nimi <sup>*<\/sup><\/label><br \/>\n<span class=\"wpcf7-form-control-wrap\" data-name=\"your-name\"><input size=\"40\" maxlength=\"400\" class=\"wpcf7-form-control wpcf7-text wpcf7-validates-as-required\" aria-required=\"true\" aria-invalid=\"false\" value=\"\" type=\"text\" name=\"your-name\" \/><\/span>\n\t<\/p>\n<\/div>\n<div class=\"form-group\">\n\t<p><label>Teie e-mail <sup>*<\/sup><\/label><br \/>\n<span class=\"wpcf7-form-control-wrap\" data-name=\"your-email\"><input size=\"40\" maxlength=\"400\" class=\"wpcf7-form-control wpcf7-email wpcf7-validates-as-required wpcf7-text wpcf7-validates-as-email\" aria-required=\"true\" aria-invalid=\"false\" value=\"\" type=\"email\" name=\"your-email\" \/><\/span>\n\t<\/p>\n<\/div>\n<div class=\"form-group\">\n\t<p><label>S\u00f5num <sup>*<\/sup><\/label><br \/>\n<span class=\"wpcf7-form-control-wrap\" data-name=\"your-message\"><textarea cols=\"40\" rows=\"10\" maxlength=\"2000\" class=\"wpcf7-form-control wpcf7-textarea wpcf7-validates-as-required\" aria-required=\"true\" aria-invalid=\"false\" placeholder=\"\" name=\"your-message\"><\/textarea><\/span>\n\t<\/p>\n<\/div>\n\n<div class=\"text-left\">\n\t<p><input class=\"wpcf7-form-control wpcf7-submit has-spinner\" type=\"submit\" value=\"Saada\" \/>\n\t<\/p>\n<\/div><p style=\"display: none !important;\" class=\"akismet-fields-container\" data-prefix=\"_wpcf7_ak_\"><label>&#916;<textarea name=\"_wpcf7_ak_hp_textarea\" cols=\"45\" rows=\"8\" maxlength=\"100\"><\/textarea><\/label><input type=\"hidden\" id=\"ak_js_1\" name=\"_wpcf7_ak_js\" value=\"144\"\/><script>document.getElementById( \"ak_js_1\" ).setAttribute( \"value\", ( new Date() ).getTime() );<\/script><\/p>\n<\/form>\n<\/div>\n<\/div>\n    <\/div>\n<\/div>\n\n<div class=\"map\">\n    <iframe  src=\"https:\/\/maps.google.ee\/maps?ie=UTF8&#038;cid=8485316913099590910&#038;q=Balti+Spoon+O&#038;gl=EE&#038;hl=et&#038;t=m&#038;ll=59.4353,25.136719&#038;spn=0.349168,1.233215&#038;z=9&#038;iwloc=&#038;output=embed\" width=\"100%\" frameborder=\"0\" marginwidth=\"0\" marginheight=\"0\" scrolling=\"no\"><\/iframe>\n<\/div>\n\n\n\n\n<!-- Footer -->\n<footer class=\"text-center text-lg-start\">\n\n  <!-- Section: Links  -->\n  <section class=\"\">\n    <div class=\"container text-center text-md-start mt-5\">\n      <!-- Grid row -->\n      <div class=\"row mt-3\">\n        <!-- Grid column -->\n        <div class=\"col-md-5 col-lg-5 col-xl-5 mb-4 footer-left-text\">\n          <a href=\"https:\/\/www.baltispoon.ee\/et\/\" title=\"M\u00f6hring\" rel=\"home\" class=\"logo\"><img decoding=\"async\" width=\"112\" src=\"https:\/\/www.baltispoon.ee\/wp-content\/themes\/mohring\/gfx\/new\/logo-footer-1.jpg\" alt=\"M\u00f6hring\" \/><\/a>\n          <p class=\"mt-2\">\n            Balti Spoon j\u00e4tkab iidset spooni- tootmise traditsiooni, kasutades t\u00e4nap\u00e4evast moodsat tehnoloogiat ja k\u00f5ige kvaliteetsemat saadaolevat toormaterjali.          <\/p>\n          <div class=\"mt-4\">\n            <a href=\"https:\/\/www.youtube.com\/channel\/UCw8w20CgOiRGndGeyGdCFqg\" target=\"_blank\" class=\"mr-4\"><img decoding=\"async\" src=\"https:\/\/www.baltispoon.ee\/wp-content\/themes\/mohring\/gfx\/new\/yt-logo.jpg?v=3\" width=\"40\" \/><\/a>\n            <a href=\"https:\/\/www.facebook.com\/BaltiSpoon\/\" target=\"_blank\"><img decoding=\"async\" src=\"https:\/\/www.baltispoon.ee\/wp-content\/themes\/mohring\/gfx\/new\/fb-logo.jpg?v=3\" width=\"24\" \/><\/a>\n          <\/div>\n        <\/div>\n        <!-- Grid column -->\n\n        <!-- Grid column -->\n        <div class=\"col-md-2 col-lg-2 col-xl-2 mx-auto mb-4\">\n\t\t\t<ul id=\"menu-english-menu\" class=\"navbar-nav ml-auto\"><li id=\"menu-item-47\" class=\"menu-item menu-item-type-custom menu-item-object-custom menu-item-47 footer-nav-item\"><a href=\"\/about-us\">About Us<\/a><\/li>\n<li id=\"menu-item-29\" class=\"menu-item menu-item-type-post_type menu-item-object-page menu-item-29 footer-nav-item\"><a href=\"https:\/\/www.baltispoon.ee\/products\/\">Products<\/a><\/li>\n<li id=\"menu-item-25\" class=\"menu-item menu-item-type-post_type menu-item-object-page menu-item-25 footer-nav-item\"><a href=\"https:\/\/www.baltispoon.ee\/career\/\">Career<\/a><\/li>\n<li id=\"menu-item-2567\" class=\"menu-item menu-item-type-post_type menu-item-object-page menu-item-2567 footer-nav-item\"><a href=\"https:\/\/www.baltispoon.ee\/contacts\/estonia\/\">Contacts<\/a><\/li>\n<\/ul>        <\/div>\n        <!-- Grid column -->\n\n        <!-- Grid column -->\n        <div class=\"col-md-4 col-lg-4 col-xl-4 mx-auto mb-md-0 mb-4 footer-right-text\">\n          <!-- Links -->\n          <p style=\"padding-top:16px;\"><p>Kupu k\u00fcla, Kuusalu vald, 74610,<br \/>\nHarjumaa, Estonia<\/p>\n<\/p>\n          <p style=\"padding-top:5px;\">\n            <a href=\"mailto:info@baltispoon.ee\">info@baltispoon.ee<\/a>\n          <\/p>\n          <p style=\"padding-top:5px;\">\u00a9 2021 Balti Spoon<\/p>\n        <\/div>\n\n        <div class=\"col-md-1 col-lg-1 col-xl-1 mx-auto mb-md-0 mb-4 footer-right-text\">\n          <a href=\"https:\/\/www.furnier.de\/\" target=\"_blank\"><img decoding=\"async\" src=\"https:\/\/www.baltispoon.ee\/wp-content\/themes\/mohring\/gfx\/new\/ifn-logo.jpg?v=3\" width=\"96\" \/><\/a>\n        <\/div>\n        <!-- Grid column -->\n      <\/div>\n      <!-- Grid row -->\n    <\/div>\n  <\/section>\n  <!-- Section: Links  -->\n    <div class=\"text-center p-4 footer-bottom\">\n      <a class=\"text-reset mr-md-4\" href=\"https:\/\/www.baltispoon.ee\/et\/reporting-a-workplace-violation\">T\u00f6\u00f6alasest rikkumisest teavitamine<\/a>\n            <a class=\"text-reset mr-md-4\" href=\"https:\/\/www.baltispoon.ee\/et\/privacy-policy\">Privaatsuspoliitika<\/a>\n            <a class=\"text-reset mr-md-4\" href=\"https:\/\/www.baltispoon.ee\/et\/cookie-policy\"><\/a>\n      <!--\n            <a class=\"text-reset\" href=\"https:\/\/www.baltispoon.ee\/et\/terms-of-use\">Kasutustingimused<\/a>\n      -->\n    <\/div>\n\n  <a class=\"scroll-top\" href=\"javascript:void(0)\" onclick=\"$('html, body').animate({scrollTop: 0}, 2000);\"><img decoding=\"async\" src=\"https:\/\/www.baltispoon.ee\/wp-content\/themes\/mohring\/gfx\/new\/icon-arrow-top.svg\"><\/a>\n<\/footer>\n<!-- Footer -->\n\n\n\n\n\n<div class=\"wp-block-columns is-layout-flex wp-container-core-columns-is-layout-9d6595d7 wp-block-columns-is-layout-flex\"><\/div>\n","protected":false},"excerpt":{"rendered":"<p>Projektid<\/p>\n","protected":false},"author":2,"featured_media":0,"parent":0,"menu_order":0,"comment_status":"closed","ping_status":"closed","template":"","meta":{"_monsterinsights_skip_tracking":false,"_monsterinsights_sitenote_active":false,"_monsterinsights_sitenote_note":"","_monsterinsights_sitenote_category":0,"footnotes":""},"class_list":["post-743","page","type-page","status-publish","hentry"],"_links":{"self":[{"href":"https:\/\/www.baltispoon.ee\/et\/wp-json\/wp\/v2\/pages\/743","targetHints":{"allow":["GET"]}}],"collection":[{"href":"https:\/\/www.baltispoon.ee\/et\/wp-json\/wp\/v2\/pages"}],"about":[{"href":"https:\/\/www.baltispoon.ee\/et\/wp-json\/wp\/v2\/types\/page"}],"author":[{"embeddable":true,"href":"https:\/\/www.baltispoon.ee\/et\/wp-json\/wp\/v2\/users\/2"}],"replies":[{"embeddable":true,"href":"https:\/\/www.baltispoon.ee\/et\/wp-json\/wp\/v2\/comments?post=743"}],"version-history":[{"count":60,"href":"https:\/\/www.baltispoon.ee\/et\/wp-json\/wp\/v2\/pages\/743\/revisions"}],"predecessor-version":[{"id":8971,"href":"https:\/\/www.baltispoon.ee\/et\/wp-json\/wp\/v2\/pages\/743\/revisions\/8971"}],"wp:attachment":[{"href":"https:\/\/www.baltispoon.ee\/et\/wp-json\/wp\/v2\/media?parent=743"}],"curies":[{"name":"wp","href":"https:\/\/api.w.org\/{rel}","templated":true}]}}