{"id":6585,"date":"2021-11-04T08:14:09","date_gmt":"2021-11-04T06:14:09","guid":{"rendered":"https:\/\/www.baltispoon.ee\/?page_id=6585"},"modified":"2025-01-30T13:50:29","modified_gmt":"2025-01-30T11:50:29","slug":"balti-spoon-ou-privaatsusteade","status":"publish","type":"page","link":"https:\/\/www.baltispoon.ee\/et\/balti-spoon-ou-privaatsusteade\/","title":{"rendered":"Privaatsuspoliitika"},"content":{"rendered":"<p><strong>Balti Spoon O\u00dc privaatsusteade<br \/><\/strong>Isikuandmete vastutavaks t\u00f6\u00f6tlejaks on Balti Spoon O\u00dc (Kupu k\u00fcla, Kuusalu vald, Harjumaa reg.nr: 10333719).<\/p>\n<ol>\n<li><strong> Millest privaatsusteade r\u00e4\u00e4gib?<\/strong><\/li>\n<\/ol>\n<p><strong>\u00a0<\/strong><\/p>\n<p><strong>Privaatsusteade: <\/strong><\/p>\n<ul>\n<li>selgitab, mida me teeme teie isikuandmete puutumatuse kaitsmiseks ja austamiseks;<\/li>\n<li>selgitab, kuidas me kogume, kasutame ja kaitseme teie isikuandmeid;<\/li>\n<li>aitab teil aru saada, kuidas teie isikuandmeid kogutakse ja kasutatakse ning millised on teie \u00f5igused oma isikuandmetega seoses.<\/li>\n<\/ul>\n<p>Kasutame isikuandmeid eesm\u00e4rgil, milleks me isikuandmeid kogusime ning selle eesm\u00e4rgi t\u00e4itmiseks vajalikus ulatuses. Eesm\u00e4rgi t\u00e4itumisel kustutame me isikuandmed. Balti Spoon O\u00dc j\u00e4rgib isikuandmete t\u00f6\u00f6tlemisel Eesti ja Euroopa Liidu \u00f5igusakte.<\/p>\n<p>Balti Spoon O\u00dc annab endast parima, et hoida privaatsusteade ajakohasena. Olulisematest muudatustest privaatsusteates teatame meie kodulehe vahendusel, e-kirja teel v\u00f5i muul m\u00f5istlikul viisil. Privaatsusteatega on v\u00f5imalik tutvuda Balti Spoon O\u00dc veebilehe vahendusel <a href=\"http:\/\/www.baltispoon.ee\">www.baltispoon.ee<\/a><\/p>\n<ol start=\"2\">\n<li><strong> Mis on isikuandmed?<\/strong><\/li>\n<\/ol>\n<p>Isikuandmed on eraisikut otseselt v\u00f5i kaudselt tuvastada v\u00f5imaldavad andmed, s\u00f5ltumata sellest, millisel kujul v\u00f5i millises vormis need andmed on.<\/p>\n<ol start=\"3\">\n<li><strong> Miks me isikuandmeid kogume?<\/strong><\/li>\n<\/ol>\n<p>Balti Spoon O\u00dc kogub ja t\u00f6\u00f6tleb oma t\u00f6\u00f6tajate, klientide ja koost\u00f6\u00f6partnerite isikuandmeid \u00e4ritegevuse k\u00e4igus. Kogume isikuandmeid ja t\u00f6\u00f6tleme neid j\u00e4rgmiste andmesubjektide kohta:<\/p>\n<p>\u00a0\u00a0\u00a0\u00a0\u00a0\u00a0\u00a0\u00a0\u00a0\u00a0\u00a0 <strong>3.1.<\/strong> <strong>Olemasolevad ja potentsiaalsed kliendid<\/strong><\/p>\n<p>\u00a0\u00a0\u00a0\u00a0\u00a0\u00a0\u00a0\u00a0\u00a0\u00a0\u00a0 \u00c4risuhtluses, ostetud v\u00f5i m\u00fc\u00fcdud toodete protsessi haldamisel, olemasolevate v\u00f5i potentsiaalsete klientide lepingute t\u00e4itmiseks vajab Balti Spoon O\u00dc andmeid selle kohta, kes te olete, teie kontaktandmed v\u00f5i teie rolli kontaktisikuna. Nende andmete t\u00f6\u00f6tlemise p\u00f5hjused on j\u00e4rgmised:<\/p>\n<ol>\n<li>Klientidega lepingute ettevalmistamine ja t\u00e4itmine ning klientidele soovitud pakkumiste ja teabe edastamine.<\/li>\n<li>Balti Spoon O\u00dc ja seotud isiku vahelises lepingus s\u00e4testatud teenuste t\u00e4itmine ja osutamine.<\/li>\n<li>Klientide tagasiside kaudu meie teenuste parendamine.<\/li>\n<li>Meie toodete ja teenuste v\u00e4\u00e4rkasutuse v\u00e4ltimine, kasutades selleks muu hulgas videovalvet.<\/li>\n<li>Tervishoiu, ohutuse ja keskkonnanormide j\u00e4rgimise tagamine.<\/li>\n<li>Arvete esitamine, ostude t\u00f6\u00f6tlemine, maksete tegemine ja muude rahaliste toimingute tegemine.<\/li>\n<\/ol>\n<p>Suurema turuni j\u00f5udmiseks tegutseme oma \u00f5igustatud huvides ja t\u00f6\u00f6tleme ka potentsiaalsete klientide andmeid otseturunduse algatuse jaoks. Potentsiaalsetele klientidele asjakohase sisu pakkumiseks t\u00f6\u00f6tleb Balti Spoon O\u00dc potentsiaalsete klientide isikuandmeid, mis on saadud m\u00fc\u00fcgil\u00e4bir\u00e4\u00e4kimiste k\u00e4igus v\u00f5i olukorras, kus inimene on avaldanud huvi Balti Spoon O\u00dc pakkumiste saamise vastu.<\/p>\n<p>Kui oleme s\u00f5lminud ettev\u00f5ttega ostu-m\u00fc\u00fcgilepingu oma toodete m\u00fc\u00fcgiks v\u00f5i teenuste pakkumiseks, v\u00f5ime koguda lepingu t\u00e4itmiseks piiratud hulka isikuandmeid (nt nimi, e-aadressi, isikukoodi) t\u00f6\u00f6tajate v\u00f5i teiste ettev\u00f5tte esindajate kohta. Sellise t\u00f6\u00f6tlemise \u00f5iguslik alus on \u00f5igustatud huvi ja t\u00f6\u00f6tleme isikuandmeid ainult oma kliendiga s\u00f5lmitud lepingu t\u00e4itmiseks ja lepingu kehtivusperioodil ning kohalduval andmete kohustusliku s\u00e4ilitamise perioodil p\u00e4rast lepingu l\u00f5ppemist.<\/p>\n<p>\u00dclal kirjeldatud tegevuste \u00f5iguslik alus on n\u00f5usolek, leping v\u00f5i \u00f5igustatud huvi.<\/p>\n<p>\u00a0\u00a0\u00a0\u00a0\u00a0\u00a0\u00a0\u00a0\u00a0\u00a0\u00a0 <strong>3.2.<\/strong> <strong>Olemasolevad ja potentsiaalsed t\u00f6\u00f6tajad<\/strong><\/p>\n<p>Kui olete meie t\u00f6\u00f6taja, siis t\u00f6\u00f6tleme teie isikuandmeid meievahelise lepingu t\u00e4itmiseks ja kohustuslike eeskirjade j\u00e4rgimiseks (nt t\u00f6\u00f6suhet ja makse puudutavad seadused ja muud eeskirjad). Teeme seda lepingu ja seadusliku kohustuse alusel ning tagame selliste andmete t\u00f6\u00f6tlemisel n\u00f5uetekohased s\u00e4ilitamisperioodid.<\/p>\n<p>Kui otsite Balti Spoon O\u00dc-s t\u00f6\u00f6tamise v\u00f5imalusi, siis t\u00f6\u00f6tleme teie isikuandmeid selleks, et hinnata teie oskuste sobivust ametikoha jaoks, millele kandideerite. Teeme seda teie n\u00f5usoleku alusel ning tagame selliste andmete t\u00f6\u00f6tlemisel n\u00f5uetekohased s\u00e4ilitamisperioodid.<\/p>\n<p>Kandidaadi dokumentidega tutvuvad ainult v\u00e4rbamisprotsessis osalevad t\u00f6\u00f6tajad. Kandidaatide hindamisse v\u00f5ib Balti Spoon O\u00dc kaasata vajadusel ettev\u00e4lised asjatundjad.<\/p>\n<p>Teistele kanditaatidele me teie andmeid ei avalda, samuti ei avalda me teile teiste kandidaatide andmeid.<\/p>\n<p>Mittevalituks osutunud kandidaatide andmeid s\u00e4ilitame kuni \u00f5igusaktides toodud vaidlustust\u00e4htaja l\u00f5puni. Kui mittevalitud kandidaat on andud n\u00f5usoleku oma andmete s\u00e4ilitamiseks hilisemate t\u00f6\u00f6pakkumiste tegemise eesm\u00e4rgil, siis s\u00e4ilitatakse andmeid kaks aastat alates \u00e4ra\u00fctlevast otsusest.<\/p>\n<p>V\u00e4rbamisprotsessis ei tee Balti Spoon O\u00dc otsuseid automatiseeritud viisil.\u00a0\u00a0\u00a0\u00a0\u00a0\u00a0\u00a0\u00a0\u00a0<\/p>\n<p>\u00a0\u00a0\u00a0\u00a0\u00a0\u00a0\u00a0\u00a0\u00a0\u00a0\u00a0 <strong>3.3.<\/strong> <strong>Teenusepakkujad ja koost\u00f6\u00f6partnerid<\/strong><\/p>\n<p>T\u00f6\u00f6tleme oma teenusepakkujate, hankijate ja \u00e4ripartnereid esindavate inimeste isikuandmeid oma \u00f5igustatud huvi alusel, selleks et t\u00e4ita lepingut, mille Balti Spoon O\u00dc on teise poolega s\u00f5lminud.<\/p>\n<p><strong>3.4. J\u00e4lgimisseadmete kasutamine<\/strong><\/p>\n<p>T\u00f6\u00f6tervishoiu-, t\u00f6\u00f6ohutuse- ja keskkonnanormide j\u00e4rgimiseks ning oma \u00f5igustatud huvides, oma varade, \u00e4risaladuse, t\u00f6\u00f6tajate, klientide ja teiste inimeste kaitsmiseks v\u00f5ime t\u00f6\u00f6delda teie isikuandmeid videovalve rakendamisega meie territooriumil ja tootmisruumides. Inimesed on sellisest tegevusest teavitatud vastava teatega. Videokaamerate salvestiste s\u00e4ilitusperiood on kuni 6 kuud.<\/p>\n<ol start=\"4\">\n<li><strong> \u00d5iguslik alus<\/strong><\/li>\n<\/ol>\n<p>Andmekaitse \u00fcldm\u00e4\u00e4ruse artikkel 6 kohaselt pole lubatud isikuandmete t\u00f6\u00f6tlemine ilma piisava \u00f5igusliku aluseta. Seet\u00f5ttu\u00a0 kohaldame Balti Spoon O\u00dc-s teie isikuandmete t\u00f6\u00f6tlemisel eelk\u00f5ige \u00fchte j\u00e4rgmistest Andmekaitse \u00fcldm\u00e4\u00e4ruse artikkel 6 nimetatud \u00f5iguslikest alustest:<\/p>\n<ul>\n<li>N\u00f5usolek: inimene on andnud meile selge n\u00f5usoleku oma isikuandmete t\u00f6\u00f6tlemiseks \u00fchel v\u00f5i mitmel konkreetsel eesm\u00e4rgil.<\/li>\n<li>Leping: t\u00f6\u00f6tlemine on vajalik meie ja selle inimese osalusel s\u00f5lmitud lepingu t\u00e4itmiseks v\u00f5i lepingu s\u00f5lmimisele eelnevate meetmete v\u00f5tmiseks vastavalt inimese taotlusele.<\/li>\n<li>Seadusj\u00e4rgne kohustus: t\u00f6\u00f6tlemine on vajalik selleks, et saaksime t\u00e4ita juriidilist kohustust.<\/li>\n<li>\u00d5igustatud huvi: t\u00f6\u00f6tlemine on vajalik meie v\u00f5i kolmanda isiku \u00f5igustatud huvides, v\u00e4lja arvatud juhul, kui sellise huvi kaaluvad \u00fcles inimese huvid v\u00f5i p\u00f5hi\u00f5igused ja -vabadused, mille nimel tuleb kaitsta isikuandmeid.<\/li>\n<\/ul>\n<ol start=\"5\">\n<li><strong> Kuidas me teie isikuandmeid kogume?<br \/><\/strong><\/li>\n<\/ol>\n<ul>\n<li>\u00dcldjuhul kogub Balti Spoon O\u00dc teie isikuandmeid otse teilt, mis t\u00e4hendab, et olete meile need andmed vabatahtlikult esitanud, et saada teatud tooteid v\u00f5i teenuseid v\u00f5i s\u00f5lmida meiega leping.<\/li>\n<li>Kolmandatelt osapooltelt saadud andmed, nagu avalikud registrid ( n\u00e4iteks maksuamet v\u00f5i \u00e4riregister), kui see on vajalik lepingu t\u00e4itmiseks v\u00f5i lepingu t\u00e4itmise tagamiseks.<\/li>\n<li>M\u00f5nikord v\u00f5ime koguda teie kohta andmeid teiega otseselt seotud isikutelt \u2013 n\u00e4iteks kui teie ettev\u00f5tte juht on andnud meile teie kui kontaktisiku kontaktandmed.<\/li>\n<li>Samuti v\u00f5ivad meie videovalve kaameras\u00fcsteemid teist pilte salvestada.<\/li>\n<li>Telefonik\u00f5nesid Balti Spoon O\u00dc ei salvesta.<\/li>\n<li>Turundustegevustes, mis v\u00f5ivad kaasneda infop\u00e4evade, \u00fcrituste, messidel osalemise, k\u00fclastuste, v\u00e4lisvisiitide, kontaktreiside vms Balti Spoon O\u00dc tegevuste turundamisega (edaspidi k\u00f5ik koos \u00fcritused), kus registreerime teie osalemist registreerimislehel v\u00f5i fotografeerime v\u00f5i filmime teid m\u00f5nel eelnimetatud \u00fcritusel. \u00dcritusi j\u00e4\u00e4dvustame eesm\u00e4rgiga teavitada teid, oma kliente ja koost\u00f6\u00f6partnereid uudiskirja v\u00f5i sotsiaalmeedia vahendusel enda tegevusest.<\/li>\n<\/ul>\n<ol start=\"6\">\n<li><strong> Andmete jagamine kolmandate isikutega<br \/><\/strong><\/li>\n<\/ol>\n<p>Balti Spoon O\u00dc v\u00f5ib jagada teie isikuandmeid kolmandate isikutega j\u00e4rgmistel juhtudel:<\/p>\n<ul>\n<li><strong>Meie hankijad, teenusepakkujad ja \u00e4ripartnerid<\/strong><\/li>\n<\/ul>\n<p>V\u00f5ime jagada teie isikuandmeid oma \u00e4ripartnerite v\u00f5i hankijatega, kui selleks on \u00e4ritegevuse \u00f5igustatud huvi ja kui kehtivad \u00f5igusaktid lubavad meil seda teha v\u00f5i kui olete sellise andmete edastamisega n\u00f5us.<\/p>\n<ul>\n<li><strong>Riigiasutused ja riiklikud registrid<\/strong><\/li>\n<\/ul>\n<p>Riigiasutused ja riiklikud registrid, nagu Maksuamet, Haigekassa, T\u00f6\u00f6inspektsioon, Sotsiaalkindlustusamet, T\u00f6\u00f6tukassa, politsei, kohtud, v\u00f5i muud riigiasutused ja riiklikud registrid vastavalt \u00f5igusaktides m\u00e4rgitud ulatuses.<\/p>\n<ul>\n<li><strong>Andmete edastamine v\u00e4ljapoole Euroopa Liidu\/Euroopa Majanduspiirkonna (EL\/EMP) piire<\/strong><\/li>\n<\/ul>\n<p>Teie andmete edastamine ja t\u00f6\u00f6tlemine v\u00e4ljaspool ELi\/EMPi v\u00f5ib toimuda \u00f5iguslikul alusel \u00dcldm\u00e4\u00e4ruse artikkel 49, l\u00f5ige 1 b) edastamine on vajalik andmesubjekti ja vastutava t\u00f6\u00f6tleja vahelise lepingu t\u00e4itmiseks v\u00f5i andmesubjekti taotluse alusel v\u00f5etavate lepingueelsete meetmete rakendamiseks. Rakendatakse asjakohaseid kaitsemeetmeid:<\/p>\n<ul>\n<li>Olemas on kehtiv leping, mis sisaldab ELi poolt v\u00e4lja t\u00f6\u00f6tatud lepingu t\u00fc\u00fcptingimusi v\u00f5i heakskiidetud toimimisjuhendeid, sertifitseerimisi ja muud sarnast, mis vastab isikuandmete kaitse \u00fcldm\u00e4\u00e4rusele;<\/li>\n<li>V\u00e4ljaspool ELi\/EMPi asuvas riigis, kus vastuv\u00f5tja asub, on piisav andmekaitse tase vastavalt Euroopa Komisjoni otsusele;<\/li>\n<li>Vastuv\u00f5tja on sertifitseeritud andmekaitseraamistiku Privacy Shield alusel (kohaldatakse Ameerika \u00dchendriikides asuvatele vastuv\u00f5tjatele).<\/li>\n<\/ul>\n<p>See v\u00f5ib toimuda ostu-m\u00fc\u00fcgitehingu (lepingu) raames. Kui nende riikide seaduste alusel ei ole teie andmed piisavalt kaitstud, siis v\u00f5tame vajalikud meetmed, et tagada asjakohaste kaitsemeetmete olemasolu, tagamaks teie andmete turvalise t\u00f6\u00f6tlemise vastavalt k\u00e4esolevale privaatsusteatele. Kaitsemeetmed h\u00f5lmavad lepinguliste kohustuste kehtestamist teie andmete saajale v\u00f5i selle tagamist, et saajad on liitunud rahvusvaheliste raamistikega, mis tagavad piisava kaitse.<\/p>\n<ol start=\"7\">\n<li><strong> Milliseid isikuandmeid Balti Spoon O\u00dc kogub ja t\u00f6\u00f6tleb?<br \/><\/strong><\/li>\n<\/ol>\n<p>Balti Spoon O\u00dc v\u00f5ib teie kohta koguda ja t\u00f6\u00f6delda j\u00e4rgmisi isikuandmeid:<\/p>\n<ul>\n<li>Isiku tuvastamise andmed, nagu nimi, perekonnanimi, isikukood, s\u00fcnniaeg, andmed isikut t\u00f5endava dokumendi kohta (nt passi koopia).<\/li>\n<li>Kontaktandmed, nagu telefoninumber, meiliaadress ja aadress.<\/li>\n<li>Demograafilised andmed, nagu vanus, sugu, rahvus.<\/li>\n<li>Ametialased andmed, nagu andmed hariduse v\u00f5i ametialase karj\u00e4\u00e4ri kohta.<\/li>\n<li>Seadusest tuleneva kohustuse t\u00e4itmise k\u00e4igus saadud ja\/v\u00f5i loodud andmed, nagu uurimisorganite, notarite, maksuhalduri, kohtute ja kohtut\u00e4iturite poolt tehtud p\u00e4ringutest tulenevad andmed.<\/li>\n<li>Andmed maksuresidentsuse kohta, nagu andmed elukohariigi, maksukohustuslase identifitseerimisnumbri, kodakondsuse kohta.<\/li>\n<li>Tagasiside meie toodete v\u00f5i teenuste kohta.<\/li>\n<li>Fotod ja videod teist, mis on salvestatud meie ettev\u00f5tte territooriumil v\u00f5i meie ettev\u00f5ttega seotud \u00fcritustel.<\/li>\n<li>Finantsandmed, nt teie pangakonto andmed.<\/li>\n<li>Juriidilisest isikust kliendi f\u00fc\u00fcsilisest isikust kontaktisiku andmed, nagu nimi, telefoninumber, meiliaadress.<\/li>\n<li>T\u00f6\u00f6suhte korral varasema t\u00f6\u00f6kogemuse ja hariduse andmed, nt ametinimetus, ametikoht, vastutusvaldkond, taust, huvid ametialases kontekstis.<\/li>\n<li>Andmed, mille olete vabatahtlikult andnud.<\/li>\n<\/ul>\n<p>Vastutava andmet\u00f6\u00f6tlejana ei t\u00f6\u00f6tle Balti Spoon O\u00dc eriliigilisi isikuandmeid, kuid m\u00f5nikord on selliste andmete t\u00f6\u00f6tlemine meile kohustuslik, et t\u00e4idaksime meile kehtestatud seaduslikke kohustusi v\u00f5i vajalik hindamaks t\u00f6\u00f6le soovija sobivust.<\/p>\n<p>Eriliigilisi isikuandmeid v\u00f5idakse t\u00f6\u00f6delda peamiselt j\u00e4rgmistel juhtudel:<\/p>\n<ul>\n<li>Kui olete t\u00f6\u00f6le soovija, siis v\u00f5ime k\u00fcsida tervislike vastun\u00e4idustuste kohta puidut\u00f6\u00f6stuses t\u00f6\u00f6tamiseks (nt. astma v\u00f5i allergia).<\/li>\n<li>\u00d5nnetusjuhtumi v\u00f5i kutsehaiguse menetlemisel v\u00f5ime olla kohustatud t\u00f6\u00f6tlema teie terviseseisundiga seotud andmeid t\u00f6\u00f6ohutuse ja -tervishoiu normide j\u00e4rgimiseks ja sellise juhtumi registreerimiseks, et seda tulevikus v\u00e4ltida.<\/li>\n<li>Kui olete t\u00f6\u00f6v\u00f5imetuslehel viibiv t\u00f6\u00f6taja, v\u00f5ime t\u00f6\u00f6suhet reguleerivate seaduste kohaselt t\u00f6\u00f6delda m\u00f5ningaid tundlikke isikuandmeid seoses teie terviseseisundiga.<\/li>\n<\/ul>\n<ol start=\"8\">\n<li><strong> Millised on teie \u00f5igused seoses isikuandmete t\u00f6\u00f6tlemisega?<\/strong><\/li>\n<\/ol>\n<ul>\n<li>\u00d5igus saada andmete kohta teavet \u2013 teil on \u00f5igus teada, milliseid andmeid teie kohta kogutakse ja kuidas neid t\u00f6\u00f6deldakse.<\/li>\n<li>\u00d5igus andmetega tutvuda \u2013 teil on \u00f5igus t\u00f6\u00f6deldavate isikuandmete koopiale.<\/li>\n<li>\u00d5igus andmete parandamisele \u2013 teil on \u00f5igus n\u00f5uda oma isikuandmete parandamist, juhul kui need on eba\u00f5iged.<\/li>\n<li>\u00d5igus andmete kustutamisele \u2013 teil on teatud juhtudel \u00f5igus n\u00f5uda, et isikuandmed kustutataks, kui t\u00f6\u00f6tlus toimub ainult n\u00f5usoleku alusel.<\/li>\n<li>\u00d5igus t\u00f6\u00f6tlemise piiramisele \u2013 see \u00f5igus tekib juhul, kui isikuandmete t\u00f6\u00f6tlemine ei ole seaduse alusel lubatud v\u00f5i kui te vaidlustate isikuandmete \u00f5igsuse.<\/li>\n<li>Andmete \u00fclekandmise \u00f5igus \u2013 teil tekib teatud juhul \u00f5igus saada isikuandmed masinloetaval kujul endaga kaasa v\u00f5i n\u00f5uda isikuandmete \u00fclekandmist teisele vastutavale t\u00f6\u00f6tlejale, kuid seda ainult juhul, kui see on tehniliselt teostatav. \u00dclekandmise \u00f5igus kehtib ainult nende andmete puhul, mida me t\u00f6\u00f6tleme teie n\u00f5usoleku alusel v\u00f5i teiega s\u00f5lmitud lepingu t\u00e4itmiseks.<\/li>\n<li>\u00d5igused seoses automatiseeritud t\u00f6\u00f6tlusega \u2013 juhul, kui oleme teid teavitanud, et teostame automatiseeritud t\u00f6\u00f6tlusel p\u00f5hinevat otsustamist (sh profiilianal\u00fc\u00fcsi), mis toob kaasa teid puudutavaid \u00f5iguslikke tagaj\u00e4rgi v\u00f5i avaldab teile m\u00e4rkimisv\u00e4\u00e4rset m\u00f5ju, siis v\u00f5ite n\u00f5uda, et otsust ei tehtaks \u00fcksnes automatiseeritud t\u00f6\u00f6tluse alusel.<\/li>\n<li>\u00d5igus esitada vaie isikuandmete kasutamise kohta Eesti Andmekaitse Inspektsioonile (<u>aki.ee<\/u>), kui leiate, et isikuandmete t\u00f6\u00f6tlemine riivab teie \u00f5iguseid ja huve kohalduva \u00f5iguse alusel.<\/li>\n<\/ul>\n<ol start=\"9\">\n<li><strong> Laste isikuandmete t\u00f6\u00f6tlemine<br \/><\/strong><\/li>\n<\/ol>\n<p>Balti Spoon O\u00dc t\u00f6\u00f6tleb oma t\u00f6\u00f6tajate laste isikuandmeid (lapse nimi ja s\u00fcnniaeg\/isikukood) t\u00f6\u00f6taja n\u00f5usoleku alusel ja j\u00e4rgmistel eesm\u00e4rkidel: lapsepuhkuse kasutamiseks; lastele kingituste tegemiseks, nagu iga-aastase j\u00f5ulupaki ja esimest korda kooliminevale lapsele koolikoti kinkimiseks.<\/p>\n<ol start=\"10\">\n<li><strong><strong> Isikuandmete t\u00f6\u00f6tlemise turvalisus<\/strong><\/strong>\n<p>\u00a0<\/p>\n<\/li>\n<\/ol>\n<p>Kasutame t\u00f6\u00f6ks isikliku parooliga ligip\u00e4\u00e4setavaid arvuteid ja t\u00f6\u00f6alaseks suhtluseks e-posti aadressi. Samuti on parooliga kaitstud majandus-ja personalitarkvara.<\/p>\n<p>T\u00f6\u00f6lepinguga t\u00f6\u00f6tajatel ja ka teiste lepinguvormide alusel t\u00f6\u00f6tavatel t\u00f6\u00f6tajatel on lepingus s\u00e4testatud konfidentsiaalsuse kohustus ja sellest l\u00e4htuvalt ka isikuandmete saladuse hoidmise kohustus.<\/p>\n<ol start=\"11\">\n<li><strong> Kontaktandmed ja informatsioon<br \/><\/strong><\/li>\n<\/ol>\n<p>Kui sul tekib isikuandmetega seotud k\u00fcsimusi, muresid v\u00f5i kaebusi, v\u00f5ta meiega julgesti \u00fchendust e-postil <a href=\"mailto:info@baltispoon.ee\">info@baltispoon.ee<\/a><\/p>\n\n\n\n\n<!-- Footer -->\n<footer class=\"text-center text-lg-start\">\n\n  <!-- Section: Links  -->\n  <section class=\"\">\n    <div class=\"container text-center text-md-start mt-5\">\n      <!-- Grid row -->\n      <div class=\"row mt-3\">\n        <!-- Grid column -->\n        <div class=\"col-md-5 col-lg-5 col-xl-5 mb-4 footer-left-text\">\n          <a href=\"https:\/\/www.baltispoon.ee\/et\/\" title=\"M\u00f6hring\" rel=\"home\" class=\"logo\"><img decoding=\"async\" width=\"112\" src=\"https:\/\/www.baltispoon.ee\/wp-content\/themes\/mohring\/gfx\/new\/logo-footer-1.jpg\" alt=\"M\u00f6hring\" \/><\/a>\n          <p class=\"mt-2\">\n            Balti Spoon j\u00e4tkab iidset spooni- tootmise traditsiooni, kasutades t\u00e4nap\u00e4evast moodsat tehnoloogiat ja k\u00f5ige kvaliteetsemat saadaolevat toormaterjali.          <\/p>\n          <div class=\"mt-4\">\n            <a href=\"https:\/\/www.youtube.com\/channel\/UCw8w20CgOiRGndGeyGdCFqg\" target=\"_blank\" class=\"mr-4\"><img decoding=\"async\" src=\"https:\/\/www.baltispoon.ee\/wp-content\/themes\/mohring\/gfx\/new\/yt-logo.jpg?v=3\" width=\"40\" \/><\/a>\n            <a href=\"https:\/\/www.facebook.com\/BaltiSpoon\/\" target=\"_blank\"><img decoding=\"async\" src=\"https:\/\/www.baltispoon.ee\/wp-content\/themes\/mohring\/gfx\/new\/fb-logo.jpg?v=3\" width=\"24\" \/><\/a>\n          <\/div>\n        <\/div>\n        <!-- Grid column -->\n\n        <!-- Grid column -->\n        <div class=\"col-md-2 col-lg-2 col-xl-2 mx-auto mb-4\">\n\t\t\t<ul id=\"menu-english-menu\" class=\"navbar-nav ml-auto\"><li id=\"menu-item-47\" class=\"menu-item menu-item-type-custom menu-item-object-custom menu-item-47 footer-nav-item\"><a href=\"\/about-us\">About Us<\/a><\/li>\n<li id=\"menu-item-29\" class=\"menu-item menu-item-type-post_type menu-item-object-page menu-item-29 footer-nav-item\"><a href=\"https:\/\/www.baltispoon.ee\/products\/\">Products<\/a><\/li>\n<li id=\"menu-item-25\" class=\"menu-item menu-item-type-post_type menu-item-object-page menu-item-25 footer-nav-item\"><a href=\"https:\/\/www.baltispoon.ee\/career\/\">Career<\/a><\/li>\n<li id=\"menu-item-2567\" class=\"menu-item menu-item-type-post_type menu-item-object-page menu-item-2567 footer-nav-item\"><a href=\"https:\/\/www.baltispoon.ee\/contacts\/estonia\/\">Contacts<\/a><\/li>\n<\/ul>        <\/div>\n        <!-- Grid column -->\n\n        <!-- Grid column -->\n        <div class=\"col-md-4 col-lg-4 col-xl-4 mx-auto mb-md-0 mb-4 footer-right-text\">\n          <!-- Links -->\n          <p style=\"padding-top:16px;\"><p>Kupu k\u00fcla, Kuusalu vald, 74610<br \/>\nHarjumaa, Estonia<\/p>\n<\/p>\n          <p style=\"padding-top:5px;\">\n            <a href=\"mailto:info@baltispoon.ee\">info@baltispoon.ee<\/a>\n          <\/p>\n          <p style=\"padding-top:5px;\">\u00a9 2021 Balti Spoon<\/p>\n        <\/div>\n\n        <div class=\"col-md-1 col-lg-1 col-xl-1 mx-auto mb-md-0 mb-4 footer-right-text\">\n          <a href=\"https:\/\/www.furnier.de\/\" target=\"_blank\"><img decoding=\"async\" src=\"https:\/\/www.baltispoon.ee\/wp-content\/themes\/mohring\/gfx\/new\/ifn-logo.jpg?v=3\" width=\"96\" \/><\/a>\n        <\/div>\n        <!-- Grid column -->\n      <\/div>\n      <!-- Grid row -->\n    <\/div>\n  <\/section>\n  <!-- Section: Links  -->\n    <div class=\"text-center p-4 footer-bottom\">\n      <a class=\"text-reset mr-md-4\" href=\"https:\/\/www.baltispoon.ee\/et\/reporting-a-workplace-violation\">T\u00f6\u00f6alasest rikkumisest teavitamine<\/a>\n            <a class=\"text-reset mr-md-4\" href=\"https:\/\/www.baltispoon.ee\/et\/privacy-policy\">Privaatsuspoliitika<\/a>\n            <a class=\"text-reset mr-md-4\" href=\"https:\/\/www.baltispoon.ee\/et\/cookie-policy\"><\/a>\n      <!--\n            <a class=\"text-reset\" href=\"https:\/\/www.baltispoon.ee\/et\/terms-of-use\">Kasutustingimused<\/a>\n      -->\n    <\/div>\n\n  <a class=\"scroll-top\" href=\"javascript:void(0)\" onclick=\"$('html, body').animate({scrollTop: 0}, 2000);\"><img decoding=\"async\" src=\"https:\/\/www.baltispoon.ee\/wp-content\/themes\/mohring\/gfx\/new\/icon-arrow-top.svg\"><\/a>\n<\/footer>\n<!-- Footer -->\n\n\n","protected":false},"excerpt":{"rendered":"<p>Balti Spoon O\u00dc privaatsusteadeIsikuandmete vastutavaks t\u00f6\u00f6tlejaks on Balti Spoon O\u00dc (Kupu k\u00fcla, Kuusalu vald, Harjumaa reg.nr: 10333719). Millest privaatsusteade r\u00e4\u00e4gib? \u00a0 Privaatsusteade: selgitab, mida me teeme teie isikuandmete puutumatuse kaitsmiseks ja austamiseks; selgitab, kuidas me kogume, kasutame ja kaitseme teie isikuandmeid; aitab teil aru saada, kuidas teie isikuandmeid kogutakse ja kasutatakse ning millised on teie &hellip; <a href=\"https:\/\/www.baltispoon.ee\/et\/balti-spoon-ou-privaatsusteade\/\" class=\"read-more\">Read more<\/a><\/p>\n","protected":false},"author":3,"featured_media":0,"parent":0,"menu_order":0,"comment_status":"closed","ping_status":"closed","template":"page-text.php","meta":{"_monsterinsights_skip_tracking":false,"_monsterinsights_sitenote_active":false,"_monsterinsights_sitenote_note":"","_monsterinsights_sitenote_category":0,"footnotes":""},"class_list":["post-6585","page","type-page","status-publish","hentry"],"_links":{"self":[{"href":"https:\/\/www.baltispoon.ee\/et\/wp-json\/wp\/v2\/pages\/6585","targetHints":{"allow":["GET"]}}],"collection":[{"href":"https:\/\/www.baltispoon.ee\/et\/wp-json\/wp\/v2\/pages"}],"about":[{"href":"https:\/\/www.baltispoon.ee\/et\/wp-json\/wp\/v2\/types\/page"}],"author":[{"embeddable":true,"href":"https:\/\/www.baltispoon.ee\/et\/wp-json\/wp\/v2\/users\/3"}],"replies":[{"embeddable":true,"href":"https:\/\/www.baltispoon.ee\/et\/wp-json\/wp\/v2\/comments?post=6585"}],"version-history":[{"count":14,"href":"https:\/\/www.baltispoon.ee\/et\/wp-json\/wp\/v2\/pages\/6585\/revisions"}],"predecessor-version":[{"id":8586,"href":"https:\/\/www.baltispoon.ee\/et\/wp-json\/wp\/v2\/pages\/6585\/revisions\/8586"}],"wp:attachment":[{"href":"https:\/\/www.baltispoon.ee\/et\/wp-json\/wp\/v2\/media?parent=6585"}],"curies":[{"name":"wp","href":"https:\/\/api.w.org\/{rel}","templated":true}]}}