{"id":4148,"date":"2019-11-25T08:42:22","date_gmt":"2019-11-25T06:42:22","guid":{"rendered":"https:\/\/www.baltispoon.ee\/?page_id=4148"},"modified":"2021-11-22T14:13:28","modified_gmt":"2021-11-22T12:13:28","slug":"poola","status":"publish","type":"page","link":"https:\/\/www.baltispoon.ee\/et\/kontakt\/poola\/","title":{"rendered":"Poola"},"content":{"rendered":"<div class=\"countries\">\n    <a href=\"\/et\/kontakt\/eesti\" class=\"country mr-2\">Eesti<\/a>\n    <a href=\"\/et\/kontakt\/usa-3\" class=\"country mr-2\">USA<\/a>\n    <a href=\"\/et\/kontakt\/saksamaa\" class=\"country mr-2\">Saksamaa<\/a>\n    <a href=\"\/et\/kontakt\/poola\" class=\"country active\">Poola<\/a>\n<\/div>\n\n<div class=\"contacts-info mobile-content-padding\">\n    <div class=\"row\">\n        <div class=\"col-md-6 col-lg-6 d-flex flex-column justify-content-center\">\n            <h2>Lubelski Fornir Sp. z o.o.<\/h2>\n            <div class=\"subheader\">Tootmine ja m\u00fc\u00fck<\/div>\n            <h3>Tooted<\/h3>            <div class=\"descr\">h\u00f6\u00f6velspoon: kask, tamm, p\u00f6\u00f6k, m\u00e4nd, vaher, haab, pruun saar, lepp, Euroopa kirss; spoonis\u00e4rgid k\u00f5igis eelpool nimetatud puuliikidest.<\/div>            <p><\/p>\n        <\/div>\n        <div class=\"col-md-6 col-lg-6\">\n            <img decoding=\"async\" src=\"\/wp-content\/uploads\/2021\/10\/LF.jpg\" width=\"100%\">\n        <\/div>\n        <p><\/p>\n    <\/div>\n<\/div>\n\n<div class=\"mobile-content-padding\">\n    <div class=\"home-contact row bg-white\">\n        <div class=\"col-md-6 col-lg-6 col-xl-6 about-contact-text\">\n            <label>V\u00f5tke meiega \u00fchendust<\/label>\n            <p>&nbsp;<\/p>\n            <div class=\"label-subtext\">Vastame meeleldi k\u00f5igile tekkinud k\u00fcsimustele<\/div>\n            <div class=\"phone-text icon-text\">+48 84 66 11 493<\/div>\n            <div class=\"email-text icon-text\">info@lubelskifornir.pl<\/div>\n            <div class=\"place-text icon-text\">www.lubelskifornir.pl<\/div>\n            <div class=\"place-text icon-text\"><p>ul. Lwowska 31<br \/><br \/>\n22-650 \u0141aszcz\u00f3w<br \/><br \/>\nPolska\/Poland<\/p><br \/>\n<\/div>\n        <\/div>\n        <div class=\"col-md-6 col-lg-6 col-xl-6 about-contact-form\">\n<div class=\"wpcf7 no-js\" id=\"wpcf7-f1252-o1\" lang=\"en-US\" dir=\"ltr\" data-wpcf7-id=\"1252\">\n<div class=\"screen-reader-response\"><p role=\"status\" aria-live=\"polite\" aria-atomic=\"true\"><\/p> <ul><\/ul><\/div>\n<form action=\"\/et\/wp-json\/wp\/v2\/pages\/4148#wpcf7-f1252-o1\" method=\"post\" class=\"wpcf7-form init\" aria-label=\"Contact form\" novalidate=\"novalidate\" data-status=\"init\">\n<fieldset class=\"hidden-fields-container\"><input type=\"hidden\" name=\"_wpcf7\" value=\"1252\" \/><input type=\"hidden\" name=\"_wpcf7_version\" value=\"6.1.2\" \/><input type=\"hidden\" name=\"_wpcf7_locale\" value=\"en_US\" \/><input type=\"hidden\" name=\"_wpcf7_unit_tag\" value=\"wpcf7-f1252-o1\" \/><input type=\"hidden\" name=\"_wpcf7_container_post\" value=\"0\" \/><input type=\"hidden\" name=\"_wpcf7_posted_data_hash\" value=\"\" \/><input type=\"hidden\" name=\"_wpcf7_recaptcha_response\" value=\"\" \/>\n<\/fieldset>\n<div class=\"wpcf7-response-output\" aria-hidden=\"true\"><\/div>\n<div class=\"form-group\">\n\t<p><label>Teie nimi <sup>*<\/sup><\/label><br \/>\n<span class=\"wpcf7-form-control-wrap\" data-name=\"your-name\"><input size=\"40\" maxlength=\"400\" class=\"wpcf7-form-control wpcf7-text wpcf7-validates-as-required\" aria-required=\"true\" aria-invalid=\"false\" value=\"\" type=\"text\" name=\"your-name\" \/><\/span>\n\t<\/p>\n<\/div>\n<div class=\"form-group\">\n\t<p><label>Teie e-mail <sup>*<\/sup><\/label><br \/>\n<span class=\"wpcf7-form-control-wrap\" data-name=\"your-email\"><input size=\"40\" maxlength=\"400\" class=\"wpcf7-form-control wpcf7-email wpcf7-validates-as-required wpcf7-text wpcf7-validates-as-email\" aria-required=\"true\" aria-invalid=\"false\" value=\"\" type=\"email\" name=\"your-email\" \/><\/span>\n\t<\/p>\n<\/div>\n<div class=\"form-group\">\n\t<p><label>S\u00f5num <sup>*<\/sup><\/label><br \/>\n<span class=\"wpcf7-form-control-wrap\" data-name=\"your-message\"><textarea cols=\"40\" rows=\"10\" maxlength=\"2000\" class=\"wpcf7-form-control wpcf7-textarea wpcf7-validates-as-required\" aria-required=\"true\" aria-invalid=\"false\" placeholder=\"\" name=\"your-message\"><\/textarea><\/span>\n\t<\/p>\n<\/div>\n\n<div class=\"text-left\">\n\t<p><input class=\"wpcf7-form-control wpcf7-submit has-spinner\" type=\"submit\" value=\"Saada\" \/>\n\t<\/p>\n<\/div><p style=\"display: none !important;\" class=\"akismet-fields-container\" data-prefix=\"_wpcf7_ak_\"><label>&#916;<textarea name=\"_wpcf7_ak_hp_textarea\" cols=\"45\" rows=\"8\" maxlength=\"100\"><\/textarea><\/label><input type=\"hidden\" id=\"ak_js_1\" name=\"_wpcf7_ak_js\" value=\"237\"\/><script>document.getElementById( \"ak_js_1\" ).setAttribute( \"value\", ( new Date() ).getTime() );<\/script><\/p>\n<\/form>\n<\/div>\n<\/div>\n    <\/div>\n<\/div>\n\n<div class=\"map\">\n    <iframe style=\"border: 0;\" src=\"https:\/\/www.google.com\/maps\/embed?pb=!1m18!1m12!1m3!1d2536.4900872769167!2d23.708795115945897!3d50.52505388986711!2m3!1f0!2f0!3f0!3m2!1i1024!2i768!4f13.1!3m3!1m2!1s0x4724bc22a01a0ba7%3A0xcc4c37164e21e7b7!2sLubelski%20Fornir%20Sp.%20z%20o.o.!5e0!3m2!1sen!2see!4v1574662447723!5m2!1sen!2see\" width=\"100%\" frameborder=\"0\" allowfullscreen=\"allowfullscreen\"><\/iframe>\n<\/div>\n\n\n\n\n<!-- Footer -->\n<footer class=\"text-center text-lg-start\">\n\n  <!-- Section: Links  -->\n  <section class=\"\">\n    <div class=\"container text-center text-md-start mt-5\">\n      <!-- Grid row -->\n      <div class=\"row mt-3\">\n        <!-- Grid column -->\n        <div class=\"col-md-5 col-lg-5 col-xl-5 mb-4 footer-left-text\">\n          <a href=\"https:\/\/www.baltispoon.ee\/et\/\" title=\"M\u00f6hring\" rel=\"home\" class=\"logo\"><img decoding=\"async\" width=\"112\" src=\"https:\/\/www.baltispoon.ee\/wp-content\/themes\/mohring\/gfx\/new\/logo-footer-1.jpg\" alt=\"M\u00f6hring\" \/><\/a>\n          <p class=\"mt-2\">\n             Balti Spoon j\u00e4tkab iidset spooni- tootmise traditsiooni, kasutades t\u00e4nap\u00e4evast moodsat tehnoloogiat ja k\u00f5ige kvaliteetsemat saadaolevat toormaterjali.          <\/p>\n          <div class=\"mt-4\">\n            <a href=\"https:\/\/www.youtube.com\/channel\/UCw8w20CgOiRGndGeyGdCFqg\" target=\"_blank\" class=\"mr-4\"><img decoding=\"async\" src=\"https:\/\/www.baltispoon.ee\/wp-content\/themes\/mohring\/gfx\/new\/yt-logo.jpg?v=3\" width=\"40\" \/><\/a>\n            <a href=\"https:\/\/www.facebook.com\/BaltiSpoon\/\" target=\"_blank\"><img decoding=\"async\" src=\"https:\/\/www.baltispoon.ee\/wp-content\/themes\/mohring\/gfx\/new\/fb-logo.jpg?v=3\" width=\"24\" \/><\/a>\n          <\/div>\n        <\/div>\n        <!-- Grid column -->\n\n        <!-- Grid column -->\n        <div class=\"col-md-2 col-lg-2 col-xl-2 mx-auto mb-4\">\n\t\t\t<ul id=\"menu-english-menu\" class=\"navbar-nav ml-auto\"><li id=\"menu-item-47\" class=\"menu-item menu-item-type-custom menu-item-object-custom menu-item-47 footer-nav-item\"><a href=\"\/about-us\">About Us<\/a><\/li>\n<li id=\"menu-item-29\" class=\"menu-item menu-item-type-post_type menu-item-object-page menu-item-29 footer-nav-item\"><a href=\"https:\/\/www.baltispoon.ee\/products\/\">Products<\/a><\/li>\n<li id=\"menu-item-25\" class=\"menu-item menu-item-type-post_type menu-item-object-page menu-item-25 footer-nav-item\"><a href=\"https:\/\/www.baltispoon.ee\/career\/\">Career<\/a><\/li>\n<li id=\"menu-item-2567\" class=\"menu-item menu-item-type-post_type menu-item-object-page menu-item-2567 footer-nav-item\"><a href=\"https:\/\/www.baltispoon.ee\/contacts\/estonia\/\">Contacts<\/a><\/li>\n<\/ul>        <\/div>\n        <!-- Grid column -->\n\n        <!-- Grid column -->\n        <div class=\"col-md-4 col-lg-4 col-xl-4 mx-auto mb-md-0 mb-4 footer-right-text\">\n          <!-- Links -->\n          <p style=\"padding-top:16px;\"><p>Kupu k\u00fcla, Kuusalu vald, 74610<br \/>\nHarjumaa, Estonia<\/p>\n<\/p>\n          <p style=\"padding-top:5px;\">\n            <a href=\"mailto:info@baltispoon.ee\">info@baltispoon.ee<\/a>\n          <\/p>\n          <p style=\"padding-top:5px;\">\u00a9 2021 Balti Spoon<\/p>\n        <\/div>\n\n        <div class=\"col-md-1 col-lg-1 col-xl-1 mx-auto mb-md-0 mb-4 footer-right-text\">\n          <a href=\"https:\/\/www.furnier.de\/\" target=\"_blank\"><img decoding=\"async\" src=\"https:\/\/www.baltispoon.ee\/wp-content\/themes\/mohring\/gfx\/new\/ifn-logo.jpg?v=3\" width=\"96\" \/><\/a>\n        <\/div>\n        <!-- Grid column -->\n      <\/div>\n      <!-- Grid row -->\n    <\/div>\n  <\/section>\n  <!-- Section: Links  -->\n    <div class=\"text-center p-4 footer-bottom\">\n      <a class=\"text-reset mr-md-4\" href=\"https:\/\/www.baltispoon.ee\/et\/reporting-a-workplace-violation\">T\u00f6\u00f6alasest rikkumisest teavitamine<\/a>\n            <a class=\"text-reset mr-md-4\" href=\"https:\/\/www.baltispoon.ee\/et\/privacy-policy\">Privacy policy<\/a>\n            <a class=\"text-reset mr-md-4\" href=\"https:\/\/www.baltispoon.ee\/et\/cookie-policy\"><\/a>\n      <!--\n            <a class=\"text-reset\" href=\"https:\/\/www.baltispoon.ee\/et\/terms-of-use\">Terms of use<\/a>\n      -->\n    <\/div>\n\n  <a class=\"scroll-top\" href=\"javascript:void(0)\" onclick=\"$('html, body').animate({scrollTop: 0}, 2000);\"><img decoding=\"async\" src=\"https:\/\/www.baltispoon.ee\/wp-content\/themes\/mohring\/gfx\/new\/icon-arrow-top.svg\"><\/a>\n<\/footer>\n<!-- Footer -->\n\n\n","protected":false},"excerpt":{"rendered":"","protected":false},"author":3,"featured_media":0,"parent":763,"menu_order":0,"comment_status":"closed","ping_status":"closed","template":"","meta":{"_monsterinsights_skip_tracking":false,"_monsterinsights_sitenote_active":false,"_monsterinsights_sitenote_note":"","_monsterinsights_sitenote_category":0,"footnotes":""},"class_list":["post-4148","page","type-page","status-publish","hentry"],"_links":{"self":[{"href":"https:\/\/www.baltispoon.ee\/et\/wp-json\/wp\/v2\/pages\/4148","targetHints":{"allow":["GET"]}}],"collection":[{"href":"https:\/\/www.baltispoon.ee\/et\/wp-json\/wp\/v2\/pages"}],"about":[{"href":"https:\/\/www.baltispoon.ee\/et\/wp-json\/wp\/v2\/types\/page"}],"author":[{"embeddable":true,"href":"https:\/\/www.baltispoon.ee\/et\/wp-json\/wp\/v2\/users\/3"}],"replies":[{"embeddable":true,"href":"https:\/\/www.baltispoon.ee\/et\/wp-json\/wp\/v2\/comments?post=4148"}],"version-history":[{"count":19,"href":"https:\/\/www.baltispoon.ee\/et\/wp-json\/wp\/v2\/pages\/4148\/revisions"}],"predecessor-version":[{"id":6799,"href":"https:\/\/www.baltispoon.ee\/et\/wp-json\/wp\/v2\/pages\/4148\/revisions\/6799"}],"up":[{"embeddable":true,"href":"https:\/\/www.baltispoon.ee\/et\/wp-json\/wp\/v2\/pages\/763"}],"wp:attachment":[{"href":"https:\/\/www.baltispoon.ee\/et\/wp-json\/wp\/v2\/media?parent=4148"}],"curies":[{"name":"wp","href":"https:\/\/api.w.org\/{rel}","templated":true}]}}