{"id":151,"date":"2012-08-29T12:15:06","date_gmt":"2012-08-29T09:15:06","guid":{"rendered":"http:\/\/baltispoon.ee\/?page_id=151"},"modified":"2025-01-29T15:50:27","modified_gmt":"2025-01-29T13:50:27","slug":"estonian-front-page","status":"publish","type":"page","link":"https:\/\/www.baltispoon.ee\/et\/","title":{"rendered":"Avaleht"},"content":{"rendered":"<div class=\"home-post row\">\n    <div class=\"col-md-6 col-lg-6 col-xl-6 home-post-left\">\n        <label>Covering the World with Veneer<\/label>\n        <div class=\"label-subtext\">\n            <p style=\"text-align: justify;\">\n                <p>Balti Spoon j\u00e4tkab iidset spoonitootmise traditsiooni, kasutades t\u00e4nap\u00e4evast moodsat tehnoloogiat ja k\u00f5ige kvaliteetsemat saadaolevat toormaterjali. Igal aastal toodame umbes 30 miljonit m\u00b2 parimat spooni, mis toimetatakse rohkem kui 350 kliendini enam kui 40 riigis.<\/p><br \/>\n            <\/p>\n            <div class=\"mt-4\">\n                \n            <\/div>\n        <\/div>\n    <\/div>\n    <div class=\"col-md-6 col-lg-6 col-xl-6 home-post-right\">\n        <img decoding=\"async\" src=\"\/wp-content\/uploads\/2021\/10\/1252690261_web.jpg\" width=\"100%\">\n    <\/div>\n<\/div>\n\n<div class=\"home-about mobile-content-padding row\">\n    <div class=\"col-md-6 col-lg-6 col-xl-6 home-about-left\">\n        <img decoding=\"async\" src=\"\/wp-content\/uploads\/2021\/10\/Sawmill.jpg\" width=\"100%\">\n    <\/div>\n    <div class=\"col-md-6 col-lg-6 col-xl-6 home-about-right\">\n        <div>\n            <label class=\"underlined\">Meist<\/label>\n            <div class=\"label-subtext\">\n                <p>Balti Spoon rajati M\u00f6hring Group\u2019i poolt 1993. aastal Eestisse, ajaloolise hansalinna Tallinna l\u00e4hedusse. Tootmist alustati aastast 1998. Oleme \u00fcks maailma juhtivatest spooni ja liimitud spoonide tootjatest.<\/p>\n            <\/div>\n            <div class=\"mt-4\">\n                <a class=\"read-more with-arrow outlined\" href=\"\/et\/meist\">Loe lisa<\/a>\n            <\/div>\n        <\/div>\n    <\/div>\n<\/div>\n\n<div class=\"home-products\">\n    <div class=\"row\">\n        <div class=\"col-md-6 col-lg-6 col-xl-6 home-products-text\">\n            <label class=\"underlined\">Tooted<\/label>\n            <div class=\"text mb-3\">\n                <p style=\"text-align: justify;\">Meie spooni liigitatakse kvaliteedi, v\u00e4rvi, suuruse ja tekstuuri j\u00e4rgi. Pakume \u00fcle 40 erineva puiduliigi Euroopast, Aafrikast ja P\u00f5hja-Ameerikast.<\/p>\n                <div class=\"mt-4\">\n                    <a class=\"read-more with-arrow outlined mt-2\" title=\"Tooted\" href=\"\/et\/tooted\/\">Rohkem meie toodetest<\/a>\n                <\/div>\n            <\/div>\n        <\/div>\n    <\/div>\n\n    <div id=\"categories\">\n        <div class=\"text-center\">\n                        <ul class=\"gallery-list\">\n                                        <li>\n                            <a href=\"\/et\/tooted\/#flooring-et\">\n                                                                    <img loading=\"lazy\" decoding=\"async\" src=\"https:\/\/www.baltispoon.ee\/wp-content\/uploads\/2021\/10\/Oak-pippy.jpg\" width=\"280\" height=\"280\">\n                                                                <h3 class=\"woocommerce-loop-product__title\">Flooring<\/h3>\n                            <\/a>\n                        <\/li>\n                                        <li>\n                            <a href=\"\/et\/tooted\/#hoovelspoon\">\n                                                                    <img loading=\"lazy\" decoding=\"async\" src=\"https:\/\/www.baltispoon.ee\/wp-content\/uploads\/2021\/10\/Oak-qtr.jpg\" width=\"280\" height=\"280\">\n                                                                <h3 class=\"woocommerce-loop-product__title\">H\u00f6\u00f6velspoon<\/h3>\n                            <\/a>\n                        <\/li>\n                                        <li>\n                            <a href=\"\/et\/tooted\/#spoonisargid\">\n                                                                    <img loading=\"lazy\" decoding=\"async\" src=\"https:\/\/www.baltispoon.ee\/wp-content\/uploads\/2021\/10\/SplicedVeneer-e1634641308709.jpg\" width=\"280\" height=\"280\">\n                                                                <h3 class=\"woocommerce-loop-product__title\">Spoonis\u00e4rgid<\/h3>\n                            <\/a>\n                        <\/li>\n                                        <li>\n                            <a href=\"\/et\/tooted\/#treispoon\">\n                                                                    <img loading=\"lazy\" decoding=\"async\" src=\"https:\/\/www.baltispoon.ee\/wp-content\/uploads\/2021\/10\/Birch-peeled-1.jpg\" width=\"280\" height=\"280\">\n                                                                <h3 class=\"woocommerce-loop-product__title\">Treispoon<\/h3>\n                            <\/a>\n                        <\/li>\n                            <\/ul>\n\n        <\/div>\n    <\/div>\n<\/div>\n<script type=\"text\/javascript\">\n    jQuery(document).ready(function(){\n        \/\/ $('ul.products li.product:gt(7)').remove()\n        \/\/ $('#products').show()\n        \/\/ $('#gallery-products').trigger('click');\n    })\n<\/script>\n\n<div>\n    <div class=\"home-contact row\">\n        <div class=\"col-md-6 col-lg-6 col-xl-6 about-contact-text\">\n            <label>V\u00f5tke meiega \u00fchendust<\/label>\n            <p>&nbsp;<\/p>\n            <div class=\"label-subtext\">Vastame meeleldi k\u00f5igile tekkinud k\u00fcsimustele<\/div>\n            <div class=\"phone-text icon-text\">+372 6712 450<\/div>\n            <div class=\"email-text icon-text\"><a href=\"mailto:info@baltispoon.ee\">info@baltispoon.ee<\/a><\/div>\n            <div class=\"place-text icon-text\"><p>Kupu k\u00fcla, Kuusalu vald 74610<br \/><br \/>\nHarjumaa, Eesti<\/p><br \/>\n<\/div>\n        <\/div>\n        <div class=\"col-md-6 col-lg-6 col-xl-6 about-contact-form\">\n<div class=\"wpcf7 no-js\" id=\"wpcf7-f1252-o1\" lang=\"en-US\" dir=\"ltr\" data-wpcf7-id=\"1252\">\n<div class=\"screen-reader-response\"><p role=\"status\" aria-live=\"polite\" aria-atomic=\"true\"><\/p> <ul><\/ul><\/div>\n<form action=\"\/et\/wp-json\/wp\/v2\/pages\/151#wpcf7-f1252-o1\" method=\"post\" class=\"wpcf7-form init\" aria-label=\"Contact form\" novalidate=\"novalidate\" data-status=\"init\">\n<fieldset class=\"hidden-fields-container\"><input type=\"hidden\" name=\"_wpcf7\" value=\"1252\" \/><input type=\"hidden\" name=\"_wpcf7_version\" value=\"6.1.2\" \/><input type=\"hidden\" name=\"_wpcf7_locale\" value=\"en_US\" \/><input type=\"hidden\" name=\"_wpcf7_unit_tag\" value=\"wpcf7-f1252-o1\" \/><input type=\"hidden\" name=\"_wpcf7_container_post\" value=\"0\" \/><input type=\"hidden\" name=\"_wpcf7_posted_data_hash\" value=\"\" \/><input type=\"hidden\" name=\"_wpcf7_recaptcha_response\" value=\"\" \/>\n<\/fieldset>\n<div class=\"wpcf7-response-output\" aria-hidden=\"true\"><\/div>\n<div class=\"form-group\">\n\t<p><label>Teie nimi <sup>*<\/sup><\/label><br \/>\n<span class=\"wpcf7-form-control-wrap\" data-name=\"your-name\"><input size=\"40\" maxlength=\"400\" class=\"wpcf7-form-control wpcf7-text wpcf7-validates-as-required\" aria-required=\"true\" aria-invalid=\"false\" value=\"\" type=\"text\" name=\"your-name\" \/><\/span>\n\t<\/p>\n<\/div>\n<div class=\"form-group\">\n\t<p><label>Teie e-mail <sup>*<\/sup><\/label><br \/>\n<span class=\"wpcf7-form-control-wrap\" data-name=\"your-email\"><input size=\"40\" maxlength=\"400\" class=\"wpcf7-form-control wpcf7-email wpcf7-validates-as-required wpcf7-text wpcf7-validates-as-email\" aria-required=\"true\" aria-invalid=\"false\" value=\"\" type=\"email\" name=\"your-email\" \/><\/span>\n\t<\/p>\n<\/div>\n<div class=\"form-group\">\n\t<p><label>S\u00f5num <sup>*<\/sup><\/label><br \/>\n<span class=\"wpcf7-form-control-wrap\" data-name=\"your-message\"><textarea cols=\"40\" rows=\"10\" maxlength=\"2000\" class=\"wpcf7-form-control wpcf7-textarea wpcf7-validates-as-required\" aria-required=\"true\" aria-invalid=\"false\" placeholder=\"\" name=\"your-message\"><\/textarea><\/span>\n\t<\/p>\n<\/div>\n\n<div class=\"text-left\">\n\t<p><input class=\"wpcf7-form-control wpcf7-submit has-spinner\" type=\"submit\" value=\"Saada\" \/>\n\t<\/p>\n<\/div><p style=\"display: none !important;\" class=\"akismet-fields-container\" data-prefix=\"_wpcf7_ak_\"><label>&#916;<textarea name=\"_wpcf7_ak_hp_textarea\" cols=\"45\" rows=\"8\" maxlength=\"100\"><\/textarea><\/label><input type=\"hidden\" id=\"ak_js_1\" name=\"_wpcf7_ak_js\" value=\"97\"\/><script>document.getElementById( \"ak_js_1\" ).setAttribute( \"value\", ( new Date() ).getTime() );<\/script><\/p>\n<\/form>\n<\/div>\n<\/div>\n    <\/div>\n<\/div>\n\n<div class=\"map\">\n    <iframe  src=\"https:\/\/maps.google.ee\/maps?ie=UTF8&#038;cid=8485316913099590910&#038;q=Balti+Spoon+O&#038;gl=EE&#038;hl=et&#038;t=m&#038;ll=59.4353,25.136719&#038;spn=0.349168,1.233215&#038;z=9&#038;iwloc=&#038;output=embed\" width=\"100%\" frameborder=\"0\" marginwidth=\"0\" marginheight=\"0\" scrolling=\"no\"><\/iframe>\n<\/div>\n\n\n\n\n<!-- Footer -->\n<footer class=\"text-center text-lg-start\">\n\n  <!-- Section: Links  -->\n  <section class=\"\">\n    <div class=\"container text-center text-md-start mt-5\">\n      <!-- Grid row -->\n      <div class=\"row mt-3\">\n        <!-- Grid column -->\n        <div class=\"col-md-5 col-lg-5 col-xl-5 mb-4 footer-left-text\">\n          <a href=\"https:\/\/www.baltispoon.ee\/et\/\" title=\"M\u00f6hring\" rel=\"home\" class=\"logo\"><img decoding=\"async\" width=\"112\" src=\"https:\/\/www.baltispoon.ee\/wp-content\/themes\/mohring\/gfx\/new\/logo-footer-1.jpg\" alt=\"M\u00f6hring\" \/><\/a>\n          <p class=\"mt-2\">\n            Balti Spoon j\u00e4tkab iidset spooni- tootmise traditsiooni, kasutades t\u00e4nap\u00e4evast moodsat tehnoloogiat ja k\u00f5ige kvaliteetsemat saadaolevat toormaterjali.          <\/p>\n          <div class=\"mt-4\">\n            <a href=\"https:\/\/www.youtube.com\/channel\/UCw8w20CgOiRGndGeyGdCFqg\" target=\"_blank\" class=\"mr-4\"><img decoding=\"async\" src=\"https:\/\/www.baltispoon.ee\/wp-content\/themes\/mohring\/gfx\/new\/yt-logo.jpg?v=3\" width=\"40\" \/><\/a>\n            <a href=\"https:\/\/www.facebook.com\/BaltiSpoon\/\" target=\"_blank\"><img decoding=\"async\" src=\"https:\/\/www.baltispoon.ee\/wp-content\/themes\/mohring\/gfx\/new\/fb-logo.jpg?v=3\" width=\"24\" \/><\/a>\n          <\/div>\n        <\/div>\n        <!-- Grid column -->\n\n        <!-- Grid column -->\n        <div class=\"col-md-2 col-lg-2 col-xl-2 mx-auto mb-4\">\n\t\t\t<ul id=\"menu-english-menu\" class=\"navbar-nav ml-auto\"><li id=\"menu-item-47\" class=\"menu-item menu-item-type-custom menu-item-object-custom menu-item-47 footer-nav-item\"><a href=\"\/about-us\">About Us<\/a><\/li>\n<li id=\"menu-item-29\" class=\"menu-item menu-item-type-post_type menu-item-object-page menu-item-29 footer-nav-item\"><a href=\"https:\/\/www.baltispoon.ee\/products\/\">Products<\/a><\/li>\n<li id=\"menu-item-25\" class=\"menu-item menu-item-type-post_type menu-item-object-page menu-item-25 footer-nav-item\"><a href=\"https:\/\/www.baltispoon.ee\/career\/\">Career<\/a><\/li>\n<li id=\"menu-item-2567\" class=\"menu-item menu-item-type-post_type menu-item-object-page menu-item-2567 footer-nav-item\"><a href=\"https:\/\/www.baltispoon.ee\/contacts\/estonia\/\">Contacts<\/a><\/li>\n<\/ul>        <\/div>\n        <!-- Grid column -->\n\n        <!-- Grid column -->\n        <div class=\"col-md-4 col-lg-4 col-xl-4 mx-auto mb-md-0 mb-4 footer-right-text\">\n          <!-- Links -->\n          <p style=\"padding-top:16px;\"><p>Kupu k\u00fcla, Kuusalu vald, 74610<br \/>\nHarjumaa, Estonia<\/p>\n<\/p>\n          <p style=\"padding-top:5px;\">\n            <a href=\"mailto:info@baltispoon.ee\">info@baltispoon.ee<\/a>\n          <\/p>\n          <p style=\"padding-top:5px;\">\u00a9 2021 Balti Spoon<\/p>\n        <\/div>\n\n        <div class=\"col-md-1 col-lg-1 col-xl-1 mx-auto mb-md-0 mb-4 footer-right-text\">\n          <a href=\"https:\/\/www.furnier.de\/\" target=\"_blank\"><img decoding=\"async\" src=\"https:\/\/www.baltispoon.ee\/wp-content\/themes\/mohring\/gfx\/new\/ifn-logo.jpg?v=3\" width=\"96\" \/><\/a>\n        <\/div>\n        <!-- Grid column -->\n      <\/div>\n      <!-- Grid row -->\n    <\/div>\n  <\/section>\n  <!-- Section: Links  -->\n    <div class=\"text-center p-4 footer-bottom\">\n      <a class=\"text-reset mr-md-4\" href=\"https:\/\/www.baltispoon.ee\/et\/reporting-a-workplace-violation\">T\u00f6\u00f6alasest rikkumisest teavitamine<\/a>\n            <a class=\"text-reset mr-md-4\" href=\"https:\/\/www.baltispoon.ee\/et\/privacy-policy\">Privaatsuspoliitika<\/a>\n            <a class=\"text-reset mr-md-4\" href=\"https:\/\/www.baltispoon.ee\/et\/cookie-policy\"><\/a>\n      <!--\n            <a class=\"text-reset\" href=\"https:\/\/www.baltispoon.ee\/et\/terms-of-use\">Kasutustingimused<\/a>\n      -->\n    <\/div>\n\n  <a class=\"scroll-top\" href=\"javascript:void(0)\" onclick=\"$('html, body').animate({scrollTop: 0}, 2000);\"><img decoding=\"async\" src=\"https:\/\/www.baltispoon.ee\/wp-content\/themes\/mohring\/gfx\/new\/icon-arrow-top.svg\"><\/a>\n<\/footer>\n<!-- Footer -->\n\n\n","protected":false},"excerpt":{"rendered":"","protected":false},"author":3,"featured_media":0,"parent":0,"menu_order":0,"comment_status":"closed","ping_status":"closed","template":"","meta":{"_monsterinsights_skip_tracking":false,"_monsterinsights_sitenote_active":false,"_monsterinsights_sitenote_note":"","_monsterinsights_sitenote_category":0,"footnotes":""},"class_list":["post-151","page","type-page","status-publish","hentry"],"_links":{"self":[{"href":"https:\/\/www.baltispoon.ee\/et\/wp-json\/wp\/v2\/pages\/151","targetHints":{"allow":["GET"]}}],"collection":[{"href":"https:\/\/www.baltispoon.ee\/et\/wp-json\/wp\/v2\/pages"}],"about":[{"href":"https:\/\/www.baltispoon.ee\/et\/wp-json\/wp\/v2\/types\/page"}],"author":[{"embeddable":true,"href":"https:\/\/www.baltispoon.ee\/et\/wp-json\/wp\/v2\/users\/3"}],"replies":[{"embeddable":true,"href":"https:\/\/www.baltispoon.ee\/et\/wp-json\/wp\/v2\/comments?post=151"}],"version-history":[{"count":82,"href":"https:\/\/www.baltispoon.ee\/et\/wp-json\/wp\/v2\/pages\/151\/revisions"}],"predecessor-version":[{"id":8385,"href":"https:\/\/www.baltispoon.ee\/et\/wp-json\/wp\/v2\/pages\/151\/revisions\/8385"}],"wp:attachment":[{"href":"https:\/\/www.baltispoon.ee\/et\/wp-json\/wp\/v2\/media?parent=151"}],"curies":[{"name":"wp","href":"https:\/\/api.w.org\/{rel}","templated":true}]}}