{"id":960,"date":"2012-11-09T11:38:50","date_gmt":"2012-11-09T09:38:50","guid":{"rendered":"http:\/\/baltispoon.ee\/?page_id=960"},"modified":"2023-08-07T11:05:19","modified_gmt":"2023-08-07T08:05:19","slug":"geschaftsfuhrung","status":"publish","type":"page","link":"https:\/\/www.baltispoon.ee\/de\/kontakt-2\/estland\/geschaftsfuhrung\/","title":{"rendered":"Gesch\u00e4ftsf\u00fchrung"},"content":{"rendered":"<h2>Gesch\u00e4ftsf\u00fchrung<\/h2>\n<table class=\"block-people\" style=\"width: 100%;\" cellspacing=\"0\" cellpadding=\"0\">\n<tbody>\n<tr>\n<td class=\"col-1\" valign=\"top\"><img loading=\"lazy\" decoding=\"async\" class=\"alignnone size-thumbnail wp-image-133\" src=\"https:\/\/www.baltispoon.ee\/wp-content\/uploads\/2021\/11\/Edmund1.jpg\" alt=\"\" width=\"210\" height=\"180\" \/><\/p>\n<div class=\"languages\">\n<p>Sprachen:<\/p>\n<p class=\"langs\">GER, ENG, RUS, POL, CZE<\/p>\n<\/div>\n<\/td>\n<td width=\"30\"><\/td>\n<td class=\"col-2\" valign=\"top\">\n<h3>Edmund Smolarek<\/h3>\n<p class=\"occupation\">Vize Pr\u00e4sident der M\u00f6hring-Gruppe<br \/>\nGesch\u00e4ftsf\u00fchrer<\/p>\n<p>Tel: +372 6712 450<\/p>\n<p>e-mail: <a href=\"mailto:edmund@baltispoon.ee\">edmund@baltispoon.ee<\/a><\/td>\n<\/tr>\n<\/tbody>\n<\/table>\n","protected":false},"excerpt":{"rendered":"<p>Gesch\u00e4ftsf\u00fchrung Sprachen: GER, ENG, RUS, POL, CZE Edmund Smolarek Vize Pr\u00e4sident der M\u00f6hring-Gruppe Gesch\u00e4ftsf\u00fchrer Tel: +372 6712 450 e-mail: edmund@baltispoon.ee<\/p>\n","protected":false},"author":2,"featured_media":0,"parent":958,"menu_order":0,"comment_status":"closed","ping_status":"closed","template":"","meta":{"_monsterinsights_skip_tracking":false,"_monsterinsights_sitenote_active":false,"_monsterinsights_sitenote_note":"","_monsterinsights_sitenote_category":0,"footnotes":""},"class_list":["post-960","page","type-page","status-publish","hentry"],"_links":{"self":[{"href":"https:\/\/www.baltispoon.ee\/de\/wp-json\/wp\/v2\/pages\/960","targetHints":{"allow":["GET"]}}],"collection":[{"href":"https:\/\/www.baltispoon.ee\/de\/wp-json\/wp\/v2\/pages"}],"about":[{"href":"https:\/\/www.baltispoon.ee\/de\/wp-json\/wp\/v2\/types\/page"}],"author":[{"embeddable":true,"href":"https:\/\/www.baltispoon.ee\/de\/wp-json\/wp\/v2\/users\/2"}],"replies":[{"embeddable":true,"href":"https:\/\/www.baltispoon.ee\/de\/wp-json\/wp\/v2\/comments?post=960"}],"version-history":[{"count":18,"href":"https:\/\/www.baltispoon.ee\/de\/wp-json\/wp\/v2\/pages\/960\/revisions"}],"predecessor-version":[{"id":7486,"href":"https:\/\/www.baltispoon.ee\/de\/wp-json\/wp\/v2\/pages\/960\/revisions\/7486"}],"up":[{"embeddable":true,"href":"https:\/\/www.baltispoon.ee\/de\/wp-json\/wp\/v2\/pages\/958"}],"wp:attachment":[{"href":"https:\/\/www.baltispoon.ee\/de\/wp-json\/wp\/v2\/media?parent=960"}],"curies":[{"name":"wp","href":"https:\/\/api.w.org\/{rel}","templated":true}]}}