{"id":954,"date":"2012-11-09T11:37:18","date_gmt":"2012-11-09T09:37:18","guid":{"rendered":"http:\/\/baltispoon.ee\/?page_id=954"},"modified":"2024-10-07T14:27:56","modified_gmt":"2024-10-07T11:27:56","slug":"karriere","status":"publish","type":"page","link":"https:\/\/www.baltispoon.ee\/de\/karriere\/","title":{"rendered":"Karriere"},"content":{"rendered":"<div class=\"mobile-content-padding careers-text row\">\n    <div class=\"careers-text-left text-right col-lg-6 col-md-6\">\n        <iframe loading=\"lazy\" title=\"Balti  Spoon Maaelu saates\" width=\"600\" height=\"337\" src=\"https:\/\/www.youtube.com\/embed\/HRPM9INMmBY?feature=oembed\" frameborder=\"0\" allow=\"accelerometer; autoplay; clipboard-write; encrypted-media; gyroscope; picture-in-picture\" allowfullscreen=\"\"><\/iframe>\n        <!-- http:\/\/www.youtube.com\/watch?v=RFtWH1v9TRo -->\n    <\/div>\n    <div class=\"careers-text-right col-lg-6 col-md-6\">\n        <label>Es <label class=\"underlined\">erwartet<\/label> Sie ein fester Arbeitsplatz in einem erfolgreichen Unternehmen!<\/label>\n        <p style=\"text-align: justify;\"><p>Sie haben die M\u00f6glichkeit, in ein Unternehmen einzusteigen, das ehrliche Arbeitsbeziehungen sch\u00e4tzt, sich um eine saubere und sichere Arbeitsumgebung und einen naturvertr\u00e4glichen Produktionsprozess k\u00fcmmert. Unser Erfolg basiert auf guter Teamarbeit, hoher Arbeitsdisziplin und der Bereitschaft, sich schnell an Ver\u00e4nderungen anzupassen.<br \/><br \/>\nBalti Spoon hat insgesamt fast 80 verschiedene Arbeitspl\u00e4tze. Dazu geh\u00f6ren Produktionsarbeiter, Hilfskr\u00e4fte, Staplerfahrer, Mechaniker, Bediener, Lagerarbeiter, B\u00fcroangestellte und viele andere Stellen. Unser Team hei\u00dft aktive, ordentliche und gewissenhafte Mitarbeiter willkommen, die daran interessiert sind, sich neue F\u00e4higkeiten anzueignen. Eine Erfahrung in der Holzbearbeitung  ist sicherlich von Vorteil, aber nicht zwingend erforderlich. Die f\u00fcr den Job erforderliche fundierte Ausbildung erfolgt unter Anleitung unserer erfahrenen Mitarbeiter im eigenen Werk.<\/p><br \/>\n<\/p>\n        \n    <\/div>\n<\/div>\n\n<div id=\"career-cv\" class=\"bg-grey text-center\">\n    <label>Kein passendes Angebot gefunden? <\/label>\n    <div class=\"descr\">Hinterlassen Sie uns Ihre Angaben<\/div>\n    \n<div class=\"wpcf7 no-js\" id=\"wpcf7-f4872-o1\" lang=\"en-US\" dir=\"ltr\" data-wpcf7-id=\"4872\">\n<div class=\"screen-reader-response\"><p role=\"status\" aria-live=\"polite\" aria-atomic=\"true\"><\/p> <ul><\/ul><\/div>\n<form action=\"\/de\/wp-json\/wp\/v2\/pages\/954#wpcf7-f4872-o1\" method=\"post\" class=\"wpcf7-form init\" aria-label=\"Contact form\" enctype=\"multipart\/form-data\" novalidate=\"novalidate\" data-status=\"init\">\n<fieldset class=\"hidden-fields-container\"><input type=\"hidden\" name=\"_wpcf7\" value=\"4872\" \/><input type=\"hidden\" name=\"_wpcf7_version\" value=\"6.1.2\" \/><input type=\"hidden\" name=\"_wpcf7_locale\" value=\"en_US\" \/><input type=\"hidden\" name=\"_wpcf7_unit_tag\" value=\"wpcf7-f4872-o1\" \/><input type=\"hidden\" name=\"_wpcf7_container_post\" value=\"0\" \/><input type=\"hidden\" name=\"_wpcf7_posted_data_hash\" value=\"\" \/><input type=\"hidden\" name=\"_wpcf7_recaptcha_response\" value=\"\" \/>\n<\/fieldset>\n<div class=\"wpcf7-response-output\" aria-hidden=\"true\"><\/div>\n<div class=\"row\">\n\t<div class=\"col-md-6 col-lg-6 text-left\">\n\t\t<div class=\"form-group\">\n\t\t\t<p><label>Name <sup>*<\/sup><\/label><br \/>\n<span class=\"wpcf7-form-control-wrap\" data-name=\"fullname\"><input size=\"40\" maxlength=\"400\" class=\"wpcf7-form-control wpcf7-text wpcf7-validates-as-required\" aria-required=\"true\" aria-invalid=\"false\" value=\"\" type=\"text\" name=\"fullname\" \/><\/span>\n\t\t\t<\/p>\n\t\t<\/div>\n\t\t<div class=\"form-group\">\n\t\t\t<p><label>Telefon <sup>*<\/sup><\/label><br \/>\n<span class=\"wpcf7-form-control-wrap\" data-name=\"phone\"><input size=\"40\" maxlength=\"400\" class=\"wpcf7-form-control wpcf7-text wpcf7-validates-as-required\" aria-required=\"true\" aria-invalid=\"false\" value=\"\" type=\"text\" name=\"phone\" \/><\/span>\n\t\t\t<\/p>\n\t\t<\/div>\n\t\t<div class=\"form-group\">\n\t\t\t<p><label>E-mail <sup>*<\/sup><\/label><br \/>\n<span class=\"wpcf7-form-control-wrap\" data-name=\"email\"><input size=\"40\" maxlength=\"400\" class=\"wpcf7-form-control wpcf7-text wpcf7-validates-as-required\" aria-required=\"true\" aria-invalid=\"false\" value=\"\" type=\"text\" name=\"email\" \/><\/span>\n\t\t\t<\/p>\n\t\t<\/div>\n\t\t<div class=\"form-group\">\n\t\t\t<p><label>Wohnort <sup>*<\/sup><\/label><br \/>\n<span class=\"wpcf7-form-control-wrap\" data-name=\"homeaddress\"><input size=\"40\" maxlength=\"400\" class=\"wpcf7-form-control wpcf7-text wpcf7-validates-as-required\" aria-required=\"true\" aria-invalid=\"false\" value=\"\" type=\"text\" name=\"homeaddress\" \/><\/span>\n\t\t\t<\/p>\n\t\t<\/div>\n\t<\/div>\n\t<div class=\"col-md-6 col-lg-6 text-left\">\n\t\t<div class=\"form-group\">\n\t\t\t<p><label>Ich m\u00f6chte in folgendem Bereich arbeiten <sup>*<\/sup><\/label><br \/>\n<span class=\"wpcf7-form-control-wrap\" data-name=\"valdkond\"><select class=\"wpcf7-form-control wpcf7-select wpcf7-validates-as-required\" aria-required=\"true\" aria-invalid=\"false\" name=\"valdkond\"><option value=\"\">&#8212;Please choose an option&#8212;<\/option><option value=\"Produktionsarbeiten\">Produktionsarbeiten<\/option><option value=\"Technik\">Technik<\/option><option value=\"Gabelstaplerfahrer\/Laderfahrer\">Gabelstaplerfahrer\/Laderfahrer<\/option><option value=\"Koordinierung\">Koordinierung<\/option><\/select><\/span>\n\t\t\t<\/p>\n\t\t<\/div>\n\t\t<div class=\"form-group\">\n\t\t\t<p><label>Datei\/CV<\/label><br \/>\n<span class=\"wpcf7-form-control-wrap\" data-name=\"cv\"><input size=\"40\" class=\"wpcf7-form-control wpcf7-file\" accept=\".doc,.docx,.pdf\" aria-invalid=\"false\" type=\"file\" name=\"cv\" \/><\/span>\n\t\t\t<\/p>\n\t\t<\/div>\n\t\t<div class=\"form-group\">\n\t\t\t<p><label>Weitere Informationen<\/label><br \/>\n<span class=\"wpcf7-form-control-wrap\" data-name=\"info3\"><textarea cols=\"40\" rows=\"10\" maxlength=\"2000\" class=\"wpcf7-form-control wpcf7-textarea\" aria-invalid=\"false\" name=\"info3\"><\/textarea><\/span>\n\t\t\t<\/p>\n\t\t<\/div>\n\t\t<div class=\"form-group\">\n\t\t\n\t\t<\/div>\n\t\t<div class=\"form-group text-right\">\n\t\t\t<p><input class=\"wpcf7-form-control wpcf7-submit has-spinner\" type=\"submit\" value=\"Info senden\" \/>\n\t\t\t<\/p>\n\t\t<\/div>\n\t<\/div>\n<\/div><p style=\"display: none !important;\" class=\"akismet-fields-container\" data-prefix=\"_wpcf7_ak_\"><label>&#916;<textarea name=\"_wpcf7_ak_hp_textarea\" cols=\"45\" rows=\"8\" maxlength=\"100\"><\/textarea><\/label><input type=\"hidden\" id=\"ak_js_1\" name=\"_wpcf7_ak_js\" value=\"110\"\/><script>document.getElementById( \"ak_js_1\" ).setAttribute( \"value\", ( new Date() ).getTime() );<\/script><\/p>\n<\/form>\n<\/div>\n\n<\/div>\n\n<div id=\"career-contact\" class=\"bg-green text-center\">\n    <div class=\"row d-flex align-items-center\">\n        <div class=\"col-md-6 col-lg-6 contact-descr\">\n            <label>Gibt es Fragen?<\/label><br>\n            Wenden Sie sich an die Personalspezialistin von Balti Spoon        <\/div>\n        <div class=\"col-md col-lg contact-img\">\n            <img decoding=\"async\" src=\"\">\n        <\/div>\n        <div class=\"col-md col-lg contact-info\">\n            <p class=\"name\"><\/p>\n            <p class=\"position\"><\/p>\n            <p class=\"phone\">+372 6712 476<\/p>\n            <p class=\"email\"><a href=\"mailto:personal@baltispoon.ee\">personal@baltispoon.ee<\/a><\/p>\n        <\/div>\n    <\/div>\n<\/div>\n\n\n\n\n<!-- Footer -->\n<footer class=\"text-center text-lg-start\">\n\n  <!-- Section: Links  -->\n  <section class=\"\">\n    <div class=\"container text-center text-md-start mt-5\">\n      <!-- Grid row -->\n      <div class=\"row mt-3\">\n        <!-- Grid column -->\n        <div class=\"col-md-5 col-lg-5 col-xl-5 mb-4 footer-left-text\">\n          <a href=\"https:\/\/www.baltispoon.ee\/de\/\" title=\"M\u00f6hring\" rel=\"home\" class=\"logo\"><img decoding=\"async\" width=\"112\" src=\"https:\/\/www.baltispoon.ee\/wp-content\/themes\/mohring\/gfx\/new\/logo-footer-1.jpg\" alt=\"M\u00f6hring\" \/><\/a>\n          <p class=\"mt-2\">\n            Balti Spoon setzt die alte Furniertradition fort, nutzt die heutigen modernen Technologien und die qualitativ besten Rundh\u00f6lzer.          <\/p>\n          <div class=\"mt-4\">\n            <a href=\"https:\/\/www.youtube.com\/channel\/UCw8w20CgOiRGndGeyGdCFqg\" target=\"_blank\" class=\"mr-4\"><img decoding=\"async\" src=\"https:\/\/www.baltispoon.ee\/wp-content\/themes\/mohring\/gfx\/new\/yt-logo.jpg?v=3\" width=\"40\" \/><\/a>\n            <a href=\"https:\/\/www.facebook.com\/BaltiSpoon\/\" target=\"_blank\"><img decoding=\"async\" src=\"https:\/\/www.baltispoon.ee\/wp-content\/themes\/mohring\/gfx\/new\/fb-logo.jpg?v=3\" width=\"24\" \/><\/a>\n          <\/div>\n        <\/div>\n        <!-- Grid column -->\n\n        <!-- Grid column -->\n        <div class=\"col-md-2 col-lg-2 col-xl-2 mx-auto mb-4\">\n\t\t\t<ul id=\"menu-english-menu\" class=\"navbar-nav ml-auto\"><li id=\"menu-item-47\" class=\"menu-item menu-item-type-custom menu-item-object-custom menu-item-47 footer-nav-item\"><a href=\"\/about-us\">About Us<\/a><\/li>\n<li id=\"menu-item-29\" class=\"menu-item menu-item-type-post_type menu-item-object-page menu-item-29 footer-nav-item\"><a href=\"https:\/\/www.baltispoon.ee\/products\/\">Products<\/a><\/li>\n<li id=\"menu-item-25\" class=\"menu-item menu-item-type-post_type menu-item-object-page menu-item-25 footer-nav-item\"><a href=\"https:\/\/www.baltispoon.ee\/career\/\">Career<\/a><\/li>\n<li id=\"menu-item-2567\" class=\"menu-item menu-item-type-post_type menu-item-object-page menu-item-2567 footer-nav-item\"><a href=\"https:\/\/www.baltispoon.ee\/contacts\/estonia\/\">Contacts<\/a><\/li>\n<\/ul>        <\/div>\n        <!-- Grid column -->\n\n        <!-- Grid column -->\n        <div class=\"col-md-4 col-lg-4 col-xl-4 mx-auto mb-md-0 mb-4 footer-right-text\">\n          <!-- Links -->\n          <p style=\"padding-top:16px;\"><p>Kupu k\u00fcla, Kuusalu vald, 74610<br \/>\nHarju county, Estonia<\/p>\n<\/p>\n          <p style=\"padding-top:5px;\">\n            <a href=\"mailto:info@baltispoon.ee\">info@baltispoon.ee<\/a>\n          <\/p>\n          <p style=\"padding-top:5px;\">\u00a9 2021 Balti Spoon<\/p>\n        <\/div>\n\n        <div class=\"col-md-1 col-lg-1 col-xl-1 mx-auto mb-md-0 mb-4 footer-right-text\">\n          <a href=\"https:\/\/www.furnier.de\/\" target=\"_blank\"><img decoding=\"async\" src=\"https:\/\/www.baltispoon.ee\/wp-content\/themes\/mohring\/gfx\/new\/ifn-logo.jpg?v=3\" width=\"96\" \/><\/a>\n        <\/div>\n        <!-- Grid column -->\n      <\/div>\n      <!-- Grid row -->\n    <\/div>\n  <\/section>\n  <!-- Section: Links  -->\n    <div class=\"text-center p-4 footer-bottom\">\n      <a class=\"text-reset mr-md-4\" href=\"https:\/\/www.baltispoon.ee\/de\/reporting-a-workplace-violation\">Reporting a workplace violation<\/a>\n            <a class=\"text-reset mr-md-4\" href=\"https:\/\/www.baltispoon.ee\/de\/privacy-policy\">Privacy policy<\/a>\n            <a class=\"text-reset mr-md-4\" href=\"https:\/\/www.baltispoon.ee\/de\/cookie-policy\"><\/a>\n      <!--\n            <a class=\"text-reset\" href=\"https:\/\/www.baltispoon.ee\/de\/terms-of-use\">Terms of use<\/a>\n      -->\n    <\/div>\n\n  <a class=\"scroll-top\" href=\"javascript:void(0)\" onclick=\"$('html, body').animate({scrollTop: 0}, 2000);\"><img decoding=\"async\" src=\"https:\/\/www.baltispoon.ee\/wp-content\/themes\/mohring\/gfx\/new\/icon-arrow-top.svg\"><\/a>\n<\/footer>\n<!-- Footer -->\n\n\n","protected":false},"excerpt":{"rendered":"","protected":false},"author":2,"featured_media":0,"parent":0,"menu_order":0,"comment_status":"closed","ping_status":"closed","template":"page-careers.php","meta":{"_monsterinsights_skip_tracking":false,"_monsterinsights_sitenote_active":false,"_monsterinsights_sitenote_note":"","_monsterinsights_sitenote_category":0,"footnotes":""},"class_list":["post-954","page","type-page","status-publish","hentry"],"_links":{"self":[{"href":"https:\/\/www.baltispoon.ee\/de\/wp-json\/wp\/v2\/pages\/954","targetHints":{"allow":["GET"]}}],"collection":[{"href":"https:\/\/www.baltispoon.ee\/de\/wp-json\/wp\/v2\/pages"}],"about":[{"href":"https:\/\/www.baltispoon.ee\/de\/wp-json\/wp\/v2\/types\/page"}],"author":[{"embeddable":true,"href":"https:\/\/www.baltispoon.ee\/de\/wp-json\/wp\/v2\/users\/2"}],"replies":[{"embeddable":true,"href":"https:\/\/www.baltispoon.ee\/de\/wp-json\/wp\/v2\/comments?post=954"}],"version-history":[{"count":28,"href":"https:\/\/www.baltispoon.ee\/de\/wp-json\/wp\/v2\/pages\/954\/revisions"}],"predecessor-version":[{"id":8272,"href":"https:\/\/www.baltispoon.ee\/de\/wp-json\/wp\/v2\/pages\/954\/revisions\/8272"}],"wp:attachment":[{"href":"https:\/\/www.baltispoon.ee\/de\/wp-json\/wp\/v2\/media?parent=954"}],"curies":[{"name":"wp","href":"https:\/\/api.w.org\/{rel}","templated":true}]}}